{"id":86,"date":"2015-03-04T14:10:59","date_gmt":"2015-03-04T14:10:59","guid":{"rendered":"http:\/\/www.gute-loesungen.com\/?page_id=86"},"modified":"2023-01-13T12:26:12","modified_gmt":"2023-01-13T12:26:12","slug":"mediation","status":"publish","type":"page","link":"https:\/\/www.gute-loesungen.com\/?page_id=86","title":{"rendered":"Mediation"},"content":{"rendered":"<p><span style=\"font-family: arial,helvetica,sans-serif; font-size: 14pt;\"><strong>Mediation<\/strong><\/span><\/p>\n<p><span style=\"font-family: arial,helvetica,sans-serif; font-size: 14pt; color: #808080;\">ist ein vertrauliches und strukturiertes Verfahren, bei dem Parteien mit meiner Hilfe freiwillig und eigenverantwortlich eine<br \/>\neinvernehmliche Beilegung ihres Konflikts anstreben.<\/span><br \/>\n<span style=\"font-family: arial,helvetica,sans-serif; font-size: 14pt;\"> <span style=\"color: #808080;\"> Das Ziel ist es, einer weiteren Eskalation entgegenzuwirken und zu einer f\u00fcr beide Seiten auch<\/span> <span style=\"color: #999999;\">langfristig tragf\u00e4higen L\u00f6sung<\/span><span style=\"color: #808080;\"> zu kommen.<\/span><\/span><br \/>\n<span style=\"color: #808080; font-size: 14pt; font-family: arial,helvetica,sans-serif;\"> Ich bin dabei eine unabh\u00e4ngige und neutrale Person, die die Parteien durch die Mediation f\u00fchrt. <\/span><\/p>\n<p><span style=\"color: #808080; font-family: arial,helvetica,sans-serif; font-size: 14pt;\">Mein Angebot richtet sich an Paare, <span style=\"color: #000000;\">Gruppen und Organisationen, aber auch Familien<\/span><br \/>\n<\/span><\/p>\n<p><span style=\"color: #808080; font-size: 14pt; font-family: arial,helvetica,sans-serif;\"> <b>Die Paarmediation <\/b>richtet sich an zerstrittene Paare, die in eine Pattsituation geraten sind, und bisherige L\u00f6sungsans\u00e4tze nicht wirksam waren.<\/span><br \/>\n<span style=\"color: #808080; font-family: arial,helvetica,sans-serif; font-size: 14pt;\"> Eine L\u00f6sungsbereitschaft sollte grunds\u00e4tzlich vorhanden sein.<\/span><br \/>\n<span style=\"color: #808080; font-family: arial,helvetica,sans-serif; font-size: 14pt;\"> Die Verhandlungen sind stark strukturiert und reglementiert, damit f\u00fcr das Paar wenig Gelegenheit besteht, in alte Muster zu fallen.<\/span><br \/>\n<span style=\"color: #808080; font-family: arial,helvetica,sans-serif; font-size: 14pt;\"> Meine Aufgabe dabei ist es, Sie in ein konstruktives Gespr\u00e4ch zu bringen, und dabei Verletzungen und eine weitere Eskalation\u00a0 zu verhindern.<\/span><br \/>\n<span style=\"font-family: arial,helvetica,sans-serif; font-size: 14pt;\"> <span style=\"color: #808080;\"> Ich werde einen sicheren Rahmen f\u00fcr eine Begegnung zu schaffen und <\/span><span style=\"color: #808080;\">den Gegenstand der Gespr\u00e4che strukturieren<\/span>.<\/span><br \/>\n<span style=\"color: #808080; font-size: 14pt; font-family: arial,helvetica,sans-serif;\"> Ich gestalte eine Atmosph\u00e4re, die von gegenseitigem Respekt und Kooperationsbereitschaft gepr\u00e4gt sein wird.<\/span><\/p>\n<p><span style=\"color: #808080; font-size: 14pt; font-family: arial,helvetica,sans-serif;\">Die Ergebnisse werden im Anschluss schriftlich festgehalten.<\/span><\/p>\n<p><span style=\"color: #808080; font-family: arial,helvetica,sans-serif; font-size: 14pt;\"><strong>Die Mediation von Gruppen<\/strong> erm\u00f6glicht, scheinbare nicht zu l\u00f6senden Konflikte in eine einvernehmliche L\u00f6sung zu wandeln, mit der alle Beteiligte ohne Gesichtsverlust leben k\u00f6nnen. Schwelende Konflikte k\u00f6nnen ebenso an die Oberfl\u00e4che geholt werden, um &#8222;saubere L\u00f6sungen&#8220; erzielen zu k\u00f6nnen.<br \/>\n<\/span><\/p>\n<p><span style=\"color: #808080; font-family: arial,helvetica,sans-serif; font-size: 14pt;\"><strong>Mediation<\/strong> <strong>von<\/strong> Konflikten in oder zwischen <strong>Organisation<\/strong> haben das Ziel unproduktive und kostspielige\u00a0Konflikte zu beenden.<br \/>\n<\/span><\/p>\n<p><span style=\"font-size: 14pt; color: #808080; font-family: arial,helvetica,sans-serif;\"><strong>Mediation f\u00fcr Familien\u00a0 <\/strong>schaffen neue M\u00f6glichkeiten, Konflikte emotionaler oder finanzieller Art in eine produktive Bahn zu lenken. Auch Konflikte rund um das Erbe haben ihren Platz. Eine grunds\u00e4tzliche L\u00f6sungsbereitschaft ist auch hier sehr hilfreich, kann aber auch ein erster Schritt auf dem Weg zur L\u00f6sung sein.<\/span><\/p>\n","protected":false},"excerpt":{"rendered":"<p>Mediation ist ein vertrauliches und strukturiertes Verfahren, bei dem Parteien mit meiner Hilfe freiwillig und eigenverantwortlich eine einvernehmliche Beilegung ihres Konflikts anstreben. Das Ziel ist es, einer weiteren Eskalation entgegenzuwirken und zu einer f\u00fcr beide Seiten auch langfristig tragf\u00e4higen L\u00f6sung zu kommen. Ich bin dabei eine unabh\u00e4ngige und neutrale Person, &#8230;<\/p>\n","protected":false},"author":1,"featured_media":0,"parent":8,"menu_order":3,"comment_status":"closed","ping_status":"closed","template":"","meta":[],"yoast_head":"<!-- This site is optimized with the Yoast SEO plugin v21.1 - https:\/\/yoast.com\/wordpress\/plugins\/seo\/ -->\n<title>Mediation - Gute L\u00f6sungen<\/title>\n<meta name=\"robots\" content=\"index, follow, max-snippet:-1, max-image-preview:large, max-video-preview:-1\" \/>\n<link rel=\"canonical\" href=\"https:\/\/www.gute-loesungen.com\/?page_id=86\" \/>\n<meta property=\"og:locale\" content=\"de_DE\" \/>\n<meta property=\"og:type\" content=\"article\" \/>\n<meta property=\"og:title\" content=\"Mediation - Gute L\u00f6sungen\" \/>\n<meta property=\"og:description\" content=\"Mediation ist ein vertrauliches und strukturiertes Verfahren, bei dem Parteien mit meiner Hilfe freiwillig und eigenverantwortlich eine einvernehmliche Beilegung ihres Konflikts anstreben. Das Ziel ist es, einer weiteren Eskalation entgegenzuwirken und zu einer f\u00fcr beide Seiten auch langfristig tragf\u00e4higen L\u00f6sung zu kommen. Ich bin dabei eine unabh\u00e4ngige und neutrale Person, &#8230;\" \/>\n<meta property=\"og:url\" content=\"https:\/\/www.gute-loesungen.com\/?page_id=86\" \/>\n<meta property=\"og:site_name\" content=\"Gute L\u00f6sungen\" \/>\n<meta property=\"article:modified_time\" content=\"2023-01-13T12:26:12+00:00\" \/>\n<meta name=\"twitter:card\" content=\"summary_large_image\" \/>\n<meta name=\"twitter:label1\" content=\"Gesch\u00e4tzte Lesezeit\" \/>\n\t<meta name=\"twitter:data1\" content=\"2\u00a0Minuten\" \/>\n<script type=\"application\/ld+json\" class=\"yoast-schema-graph\">{\"@context\":\"https:\/\/schema.org\",\"@graph\":[{\"@type\":\"WebPage\",\"@id\":\"https:\/\/www.gute-loesungen.com\/?page_id=86\",\"url\":\"https:\/\/www.gute-loesungen.com\/?page_id=86\",\"name\":\"Mediation - Gute L\u00f6sungen\",\"isPartOf\":{\"@id\":\"https:\/\/www.gute-loesungen.com\/#website\"},\"datePublished\":\"2015-03-04T14:10:59+00:00\",\"dateModified\":\"2023-01-13T12:26:12+00:00\",\"breadcrumb\":{\"@id\":\"https:\/\/www.gute-loesungen.com\/?page_id=86#breadcrumb\"},\"inLanguage\":\"de\",\"potentialAction\":[{\"@type\":\"ReadAction\",\"target\":[\"https:\/\/www.gute-loesungen.com\/?page_id=86\"]}]},{\"@type\":\"BreadcrumbList\",\"@id\":\"https:\/\/www.gute-loesungen.com\/?page_id=86#breadcrumb\",\"itemListElement\":[{\"@type\":\"ListItem\",\"position\":1,\"name\":\"Home\",\"item\":\"https:\/\/www.gute-loesungen.com\/\"},{\"@type\":\"ListItem\",\"position\":2,\"name\":\"Supervision\",\"item\":\"https:\/\/www.gute-loesungen.com\/?page_id=8\"},{\"@type\":\"ListItem\",\"position\":3,\"name\":\"Mediation\"}]},{\"@type\":\"WebSite\",\"@id\":\"https:\/\/www.gute-loesungen.com\/#website\",\"url\":\"https:\/\/www.gute-loesungen.com\/\",\"name\":\"Gute L\u00f6sungen\",\"description\":\"Bodo Sporleder\",\"potentialAction\":[{\"@type\":\"SearchAction\",\"target\":{\"@type\":\"EntryPoint\",\"urlTemplate\":\"https:\/\/www.gute-loesungen.com\/?s={search_term_string}\"},\"query-input\":\"required name=search_term_string\"}],\"inLanguage\":\"de\"}]}<\/script>\n<!-- \/ Yoast SEO plugin. -->","yoast_head_json":{"title":"Mediation - Gute L\u00f6sungen","robots":{"index":"index","follow":"follow","max-snippet":"max-snippet:-1","max-image-preview":"max-image-preview:large","max-video-preview":"max-video-preview:-1"},"canonical":"https:\/\/www.gute-loesungen.com\/?page_id=86","og_locale":"de_DE","og_type":"article","og_title":"Mediation - Gute L\u00f6sungen","og_description":"Mediation ist ein vertrauliches und strukturiertes Verfahren, bei dem Parteien mit meiner Hilfe freiwillig und eigenverantwortlich eine einvernehmliche Beilegung ihres Konflikts anstreben. Das Ziel ist es, einer weiteren Eskalation entgegenzuwirken und zu einer f\u00fcr beide Seiten auch langfristig tragf\u00e4higen L\u00f6sung zu kommen. Ich bin dabei eine unabh\u00e4ngige und neutrale Person, &#8230;","og_url":"https:\/\/www.gute-loesungen.com\/?page_id=86","og_site_name":"Gute L\u00f6sungen","article_modified_time":"2023-01-13T12:26:12+00:00","twitter_card":"summary_large_image","twitter_misc":{"Gesch\u00e4tzte Lesezeit":"2\u00a0Minuten"},"schema":{"@context":"https:\/\/schema.org","@graph":[{"@type":"WebPage","@id":"https:\/\/www.gute-loesungen.com\/?page_id=86","url":"https:\/\/www.gute-loesungen.com\/?page_id=86","name":"Mediation - Gute L\u00f6sungen","isPartOf":{"@id":"https:\/\/www.gute-loesungen.com\/#website"},"datePublished":"2015-03-04T14:10:59+00:00","dateModified":"2023-01-13T12:26:12+00:00","breadcrumb":{"@id":"https:\/\/www.gute-loesungen.com\/?page_id=86#breadcrumb"},"inLanguage":"de","potentialAction":[{"@type":"ReadAction","target":["https:\/\/www.gute-loesungen.com\/?page_id=86"]}]},{"@type":"BreadcrumbList","@id":"https:\/\/www.gute-loesungen.com\/?page_id=86#breadcrumb","itemListElement":[{"@type":"ListItem","position":1,"name":"Home","item":"https:\/\/www.gute-loesungen.com\/"},{"@type":"ListItem","position":2,"name":"Supervision","item":"https:\/\/www.gute-loesungen.com\/?page_id=8"},{"@type":"ListItem","position":3,"name":"Mediation"}]},{"@type":"WebSite","@id":"https:\/\/www.gute-loesungen.com\/#website","url":"https:\/\/www.gute-loesungen.com\/","name":"Gute L\u00f6sungen","description":"Bodo Sporleder","potentialAction":[{"@type":"SearchAction","target":{"@type":"EntryPoint","urlTemplate":"https:\/\/www.gute-loesungen.com\/?s={search_term_string}"},"query-input":"required name=search_term_string"}],"inLanguage":"de"}]}},"_links":{"self":[{"href":"https:\/\/www.gute-loesungen.com\/index.php?rest_route=\/wp\/v2\/pages\/86"}],"collection":[{"href":"https:\/\/www.gute-loesungen.com\/index.php?rest_route=\/wp\/v2\/pages"}],"about":[{"href":"https:\/\/www.gute-loesungen.com\/index.php?rest_route=\/wp\/v2\/types\/page"}],"author":[{"embeddable":true,"href":"https:\/\/www.gute-loesungen.com\/index.php?rest_route=\/wp\/v2\/users\/1"}],"replies":[{"embeddable":true,"href":"https:\/\/www.gute-loesungen.com\/index.php?rest_route=%2Fwp%2Fv2%2Fcomments&post=86"}],"version-history":[{"count":19,"href":"https:\/\/www.gute-loesungen.com\/index.php?rest_route=\/wp\/v2\/pages\/86\/revisions"}],"predecessor-version":[{"id":594,"href":"https:\/\/www.gute-loesungen.com\/index.php?rest_route=\/wp\/v2\/pages\/86\/revisions\/594"}],"up":[{"embeddable":true,"href":"https:\/\/www.gute-loesungen.com\/index.php?rest_route=\/wp\/v2\/pages\/8"}],"wp:attachment":[{"href":"https:\/\/www.gute-loesungen.com\/index.php?rest_route=%2Fwp%2Fv2%2Fmedia&parent=86"}],"curies":[{"name":"wp","href":"https:\/\/api.w.org\/{rel}","templated":true}]}}