{"id":8,"date":"2015-02-24T09:52:02","date_gmt":"2015-02-24T09:52:02","guid":{"rendered":"http:\/\/www.gute-loesungen.com\/?page_id=8"},"modified":"2023-01-13T12:21:29","modified_gmt":"2023-01-13T12:21:29","slug":"supervision","status":"publish","type":"page","link":"https:\/\/www.gute-loesungen.com\/?page_id=8","title":{"rendered":"Supervision"},"content":{"rendered":"<p><span style=\"color: #999999;\"><strong><span style=\"font-family: Arial, serif;\"><span style=\"font-size: 14pt;\">Ich bin <\/span><span style=\"font-size: 18.6667px;\">zertifizierter<\/span><span style=\"font-size: 14pt;\">\u00a0Systemischer Berater und Supervisor (Systemische Gesellschaft)<\/span><\/span><\/strong><\/span><\/p>\n<p><span style=\"font-family: arial, helvetica, sans-serif; font-size: 14pt; color: #999999;\">Ich biete Supervision im Rahmen des<b> <\/b>Erziehungs-, Bildungs- und Gesundheitswesen sowie im psychosozialen Sektor an. Meine eigenen beruflichen Vorerfahrungen und Kenntnisse sind mir hierbei als Hintergrund sehr hilfreich.<\/span><\/p>\n<p><span style=\"font-family: Arial, serif; font-size: 14pt; color: #999999;\">Meine Vorgehensweise gr\u00fcndet sich in der Wertsch\u00e4tzung und in dem Respekt gegen\u00fcber den Teilnehmern und ihrer oft sehr belastenden Arbeit. Meine Methoden richten sich nach den Themen und Zielen der Arbeitsinhalte und werden immer transparent angewandt. Der l\u00f6sungsorientierte Ansatz bildet den Leitfaden der Supervision.<\/span><\/p>\n<p><span style=\"color: #999999;\"><strong><span style=\"font-size: 14pt;\"><span style=\"color: #999999; font-family: arial, helvetica, sans-serif;\">Fall-Supervision<\/span><br \/>\n<\/span><\/strong><\/span><span style=\"font-family: Arial, serif; font-size: 14pt; color: #999999;\">In der Fallsupervision bearbeiten wir Fragen zu ihrer konkreten Arbeit mit Klienten. Hier stehen die Herausforderungen der praktischen T\u00e4tigkeiten im Mittelpunkt. Ziele sind Verbesserungen im Umgang mit der Belastung innerhalb der Arbeit, sowie die gemeinsame Erarbeitung neuer\u00a0L\u00f6sungsans\u00e4tze.<\/span><\/p>\n<p><strong><span style=\"font-size: 14pt; color: #808080;\"><span style=\"color: #999999; font-family: arial, helvetica, sans-serif;\">Team-Supervision<\/span><br \/>\n<\/span><\/strong><span style=\"color: #808080; font-size: 14pt;\"><span style=\"color: #999999;\">In der Team-Supervision steht der Erhalt und die Weiterentwicklung der Funktionalit\u00e4t des Teams im Fokus. Bestehende Konflikte und auch schwelende Konflikte sind oft Ursachen von Unzufriedenheiten im Team.<\/span><br \/>\n<\/span><\/p>\n<p><span style=\"color: #999999;\"><strong><span style=\"font-size: 14pt;\"><span style=\"font-family: arial, helvetica, sans-serif; color: #999999;\">Einzel-Supervision<\/span><br \/>\n<\/span><\/strong><\/span><span style=\"font-size: 14pt; color: #808080;\"><span style=\"color: #999999;\">Dies ist eine spezielle Form der Einzelberatung, bei der die Methoden der Supervision f\u00fcr de<span style=\"font-family: arial, helvetica, sans-serif;\">n <span style=\"color: #999999;\">Prozess genutzt werden.<\/span><\/span><\/span><\/span><\/p>\n<p><span style=\"color: #999999; font-family: arial, helvetica, sans-serif; font-size: 14pt;\"><strong><span style=\"color: #999999;\">Prozessbegleitung<\/span><br \/>\n<\/strong><\/span><span style=\"font-size: 14pt; color: #999999; font-family: arial, helvetica, sans-serif;\">Ver\u00e4nderungen sind, auch in den Bereichen der sozialen Arbeit l\u00e4ngst zur Regel geworden.<br \/>\nUmstrukturierungen, neue Konzepte oder Angebotserweiterungen sind die gewollten Ver\u00e4nderungen, dazu kommen noch \u00e4u\u00dfere Bedingungen, die Ver\u00e4nderungen nach sich ziehen.<br \/>\nAls Begleiter solcher Prozesse helfe ich dabei den Prozess transparenter zu machen, die Schwierigkeiten als Herausforderungen anzunehmen und \u00a0die Interessen aller im Sinne eines gelungenen Miteinanders\u00a0in den Prozess mit einzubeziehen.<\/span><\/p>\n<p><span style=\"font-family: Arial,serif; font-size: 14pt; color: #808080;\">\u00a0<\/span><\/p>\n","protected":false},"excerpt":{"rendered":"<p>Ich bin zertifizierter\u00a0Systemischer Berater und Supervisor (Systemische Gesellschaft) Ich biete Supervision im Rahmen des Erziehungs-, Bildungs- und Gesundheitswesen sowie im psychosozialen Sektor an. Meine eigenen beruflichen Vorerfahrungen und Kenntnisse sind mir hierbei als Hintergrund sehr hilfreich. Meine Vorgehensweise gr\u00fcndet sich in der Wertsch\u00e4tzung und in dem Respekt gegen\u00fcber den Teilnehmern &#8230;<\/p>\n","protected":false},"author":1,"featured_media":0,"parent":0,"menu_order":2,"comment_status":"closed","ping_status":"closed","template":"","meta":[],"yoast_head":"<!-- This site is optimized with the Yoast SEO plugin v21.1 - https:\/\/yoast.com\/wordpress\/plugins\/seo\/ -->\n<title>Supervision - Gute L\u00f6sungen<\/title>\n<meta name=\"description\" content=\"Supervision\" \/>\n<meta name=\"robots\" content=\"index, follow, max-snippet:-1, max-image-preview:large, max-video-preview:-1\" \/>\n<link rel=\"canonical\" href=\"https:\/\/www.gute-loesungen.com\/?page_id=8\" \/>\n<meta property=\"og:locale\" content=\"de_DE\" \/>\n<meta property=\"og:type\" content=\"article\" \/>\n<meta property=\"og:title\" content=\"Supervision - Gute L\u00f6sungen\" \/>\n<meta property=\"og:description\" content=\"Supervision\" \/>\n<meta property=\"og:url\" content=\"https:\/\/www.gute-loesungen.com\/?page_id=8\" \/>\n<meta property=\"og:site_name\" content=\"Gute L\u00f6sungen\" \/>\n<meta property=\"article:modified_time\" content=\"2023-01-13T12:21:29+00:00\" \/>\n<meta name=\"twitter:card\" content=\"summary_large_image\" \/>\n<meta name=\"twitter:label1\" content=\"Gesch\u00e4tzte Lesezeit\" \/>\n\t<meta name=\"twitter:data1\" content=\"2\u00a0Minuten\" \/>\n<script type=\"application\/ld+json\" class=\"yoast-schema-graph\">{\"@context\":\"https:\/\/schema.org\",\"@graph\":[{\"@type\":\"WebPage\",\"@id\":\"https:\/\/www.gute-loesungen.com\/?page_id=8\",\"url\":\"https:\/\/www.gute-loesungen.com\/?page_id=8\",\"name\":\"Supervision - Gute L\u00f6sungen\",\"isPartOf\":{\"@id\":\"https:\/\/www.gute-loesungen.com\/#website\"},\"datePublished\":\"2015-02-24T09:52:02+00:00\",\"dateModified\":\"2023-01-13T12:21:29+00:00\",\"description\":\"Supervision\",\"breadcrumb\":{\"@id\":\"https:\/\/www.gute-loesungen.com\/?page_id=8#breadcrumb\"},\"inLanguage\":\"de\",\"potentialAction\":[{\"@type\":\"ReadAction\",\"target\":[\"https:\/\/www.gute-loesungen.com\/?page_id=8\"]}]},{\"@type\":\"BreadcrumbList\",\"@id\":\"https:\/\/www.gute-loesungen.com\/?page_id=8#breadcrumb\",\"itemListElement\":[{\"@type\":\"ListItem\",\"position\":1,\"name\":\"Home\",\"item\":\"https:\/\/www.gute-loesungen.com\/\"},{\"@type\":\"ListItem\",\"position\":2,\"name\":\"Supervision\"}]},{\"@type\":\"WebSite\",\"@id\":\"https:\/\/www.gute-loesungen.com\/#website\",\"url\":\"https:\/\/www.gute-loesungen.com\/\",\"name\":\"Gute L\u00f6sungen\",\"description\":\"Bodo Sporleder\",\"potentialAction\":[{\"@type\":\"SearchAction\",\"target\":{\"@type\":\"EntryPoint\",\"urlTemplate\":\"https:\/\/www.gute-loesungen.com\/?s={search_term_string}\"},\"query-input\":\"required name=search_term_string\"}],\"inLanguage\":\"de\"}]}<\/script>\n<!-- \/ Yoast SEO plugin. -->","yoast_head_json":{"title":"Supervision - Gute L\u00f6sungen","description":"Supervision","robots":{"index":"index","follow":"follow","max-snippet":"max-snippet:-1","max-image-preview":"max-image-preview:large","max-video-preview":"max-video-preview:-1"},"canonical":"https:\/\/www.gute-loesungen.com\/?page_id=8","og_locale":"de_DE","og_type":"article","og_title":"Supervision - Gute L\u00f6sungen","og_description":"Supervision","og_url":"https:\/\/www.gute-loesungen.com\/?page_id=8","og_site_name":"Gute L\u00f6sungen","article_modified_time":"2023-01-13T12:21:29+00:00","twitter_card":"summary_large_image","twitter_misc":{"Gesch\u00e4tzte Lesezeit":"2\u00a0Minuten"},"schema":{"@context":"https:\/\/schema.org","@graph":[{"@type":"WebPage","@id":"https:\/\/www.gute-loesungen.com\/?page_id=8","url":"https:\/\/www.gute-loesungen.com\/?page_id=8","name":"Supervision - Gute L\u00f6sungen","isPartOf":{"@id":"https:\/\/www.gute-loesungen.com\/#website"},"datePublished":"2015-02-24T09:52:02+00:00","dateModified":"2023-01-13T12:21:29+00:00","description":"Supervision","breadcrumb":{"@id":"https:\/\/www.gute-loesungen.com\/?page_id=8#breadcrumb"},"inLanguage":"de","potentialAction":[{"@type":"ReadAction","target":["https:\/\/www.gute-loesungen.com\/?page_id=8"]}]},{"@type":"BreadcrumbList","@id":"https:\/\/www.gute-loesungen.com\/?page_id=8#breadcrumb","itemListElement":[{"@type":"ListItem","position":1,"name":"Home","item":"https:\/\/www.gute-loesungen.com\/"},{"@type":"ListItem","position":2,"name":"Supervision"}]},{"@type":"WebSite","@id":"https:\/\/www.gute-loesungen.com\/#website","url":"https:\/\/www.gute-loesungen.com\/","name":"Gute L\u00f6sungen","description":"Bodo Sporleder","potentialAction":[{"@type":"SearchAction","target":{"@type":"EntryPoint","urlTemplate":"https:\/\/www.gute-loesungen.com\/?s={search_term_string}"},"query-input":"required name=search_term_string"}],"inLanguage":"de"}]}},"_links":{"self":[{"href":"https:\/\/www.gute-loesungen.com\/index.php?rest_route=\/wp\/v2\/pages\/8"}],"collection":[{"href":"https:\/\/www.gute-loesungen.com\/index.php?rest_route=\/wp\/v2\/pages"}],"about":[{"href":"https:\/\/www.gute-loesungen.com\/index.php?rest_route=\/wp\/v2\/types\/page"}],"author":[{"embeddable":true,"href":"https:\/\/www.gute-loesungen.com\/index.php?rest_route=\/wp\/v2\/users\/1"}],"replies":[{"embeddable":true,"href":"https:\/\/www.gute-loesungen.com\/index.php?rest_route=%2Fwp%2Fv2%2Fcomments&post=8"}],"version-history":[{"count":26,"href":"https:\/\/www.gute-loesungen.com\/index.php?rest_route=\/wp\/v2\/pages\/8\/revisions"}],"predecessor-version":[{"id":590,"href":"https:\/\/www.gute-loesungen.com\/index.php?rest_route=\/wp\/v2\/pages\/8\/revisions\/590"}],"wp:attachment":[{"href":"https:\/\/www.gute-loesungen.com\/index.php?rest_route=%2Fwp%2Fv2%2Fmedia&parent=8"}],"curies":[{"name":"wp","href":"https:\/\/api.w.org\/{rel}","templated":true}]}}