{"id":6,"date":"2015-02-24T09:51:48","date_gmt":"2015-02-24T09:51:48","guid":{"rendered":"http:\/\/www.gute-loesungen.com\/?page_id=6"},"modified":"2023-01-13T12:33:39","modified_gmt":"2023-01-13T12:33:39","slug":"beratung","status":"publish","type":"page","link":"https:\/\/www.gute-loesungen.com\/?page_id=6","title":{"rendered":"Psychologische Beratung"},"content":{"rendered":"<p><strong><span style=\"font-size: 14pt;\">Psychologische Beratung<\/span><\/strong><\/p>\n<p><span style=\"font-size: 14pt; color: #808080;\">Ich orientiere mich an den Richtlinien der Systemischen Beratung<br \/>\nder Systemischen Gesellschaft.<\/span><br \/>\n<span style=\"font-size: 14pt; color: #808080;\"> Ich biete Psychologische Beratungen zu Ihren Themen an.<\/span><br \/>\n<span style=\"font-size: 14pt; color: #808080;\"> Ich unterscheide zwischen<\/span><br \/>\n<span style=\"font-size: 14pt; color: #808080;\"> <b>Einzelberatung<\/b><\/span><br \/>\n<span style=\"font-size: 14pt; color: #808080;\"> <b>Paar-Beratung <\/b><\/span><br \/>\n<span style=\"font-size: 14pt; color: #808080;\"> <b>Erziehungsberatung<\/b><\/span><br \/>\n<span style=\"color: #808080;\"><span style=\"font-size: 14pt;\"> Meine pers\u00f6nlichen Grunds\u00e4tze sind<\/span>:<\/span><br \/>\n<span style=\"font-size: 14pt; color: #808080;\"> Orientierung am Anliegen meiner Kunden<\/span><br \/>\n<span style=\"font-size: 14pt; color: #808080;\"> Vertrauen und Wertsch\u00e4tzung<\/span><br \/>\n<span style=\"font-size: 14pt; color: #808080;\"> Ressourcenorientierung<\/span><br \/>\n<span style=\"font-size: 14pt; color: #808080;\"> Fokussierung auf L\u00f6sungen<\/span><br \/>\n<span style=\"font-size: 14pt; color: #808080;\"> Diskretion<\/span><\/p>\n<p><a href=\"https:\/\/www.dgsf.org\/service\/was-heisst-systemisch\/systemische_Einzeltherapie_Coaching_Organisationsberatung.htm\" target=\"_blank\" rel=\"noopener noreferrer\">systemischen Therapie<br \/>\n<\/a><a href=\"https:\/\/www.dgsf.org\/\" target=\"_blank\" rel=\"noopener noreferrer\">DGSF<br \/>\n<\/a><a href=\"https:\/\/www.dgsf.org\/service\/download-bereich\/wie-erkenne-ich-gute-beratung\" target=\"_blank\" rel=\"noopener noreferrer\">&#8222;Wie erkenne ich gute Beratung?&#8220;<br \/>\n<\/a><a href=\"http:\/\/www.ilbs.de\/\" target=\"_blank\" rel=\"noopener noreferrer\">ILBS<br \/>\n<\/a><a href=\"https:\/\/www.aps-supervision.de\/\" target=\"_blank\" rel=\"noopener noreferrer\">APS<br \/>\n<\/a><a href=\"https:\/\/systemische-gesellschaft.de\/\" target=\"_blank\" rel=\"noopener noreferrer\">Systemischen Gesellschaft<\/a><br \/>\n<span style=\"font-family: helvetica; font-size: 14pt;\"><strong><span style=\"font-size: 18pt;\">\u00a0<\/span><\/strong><\/span><\/p>\n","protected":false},"excerpt":{"rendered":"<p>Psychologische Beratung Ich orientiere mich an den Richtlinien der Systemischen Beratung der Systemischen Gesellschaft. Ich biete Psychologische Beratungen zu Ihren Themen an. Ich unterscheide zwischen Einzelberatung Paar-Beratung Erziehungsberatung Meine pers\u00f6nlichen Grunds\u00e4tze sind: Orientierung am Anliegen meiner Kunden Vertrauen und Wertsch\u00e4tzung Ressourcenorientierung Fokussierung auf L\u00f6sungen Diskretion systemischen Therapie DGSF &#8222;Wie erkenne &#8230;<\/p>\n","protected":false},"author":1,"featured_media":0,"parent":0,"menu_order":4,"comment_status":"closed","ping_status":"closed","template":"","meta":[],"yoast_head":"<!-- This site is optimized with the Yoast SEO plugin v21.1 - https:\/\/yoast.com\/wordpress\/plugins\/seo\/ -->\n<title>Beratung<\/title>\n<meta name=\"description\" content=\"Beratung\" \/>\n<meta name=\"robots\" content=\"index, follow, max-snippet:-1, max-image-preview:large, max-video-preview:-1\" \/>\n<link rel=\"canonical\" href=\"https:\/\/www.gute-loesungen.com\/?page_id=6\" \/>\n<meta property=\"og:locale\" content=\"de_DE\" \/>\n<meta property=\"og:type\" content=\"article\" \/>\n<meta property=\"og:title\" content=\"Beratung\" \/>\n<meta property=\"og:description\" content=\"Beratung\" \/>\n<meta property=\"og:url\" content=\"https:\/\/www.gute-loesungen.com\/?page_id=6\" \/>\n<meta property=\"og:site_name\" content=\"Gute L\u00f6sungen\" \/>\n<meta property=\"article:modified_time\" content=\"2023-01-13T12:33:39+00:00\" \/>\n<meta name=\"twitter:card\" content=\"summary_large_image\" \/>\n<meta name=\"twitter:label1\" content=\"Gesch\u00e4tzte Lesezeit\" \/>\n\t<meta name=\"twitter:data1\" content=\"1\u00a0Minute\" \/>\n<script type=\"application\/ld+json\" class=\"yoast-schema-graph\">{\"@context\":\"https:\/\/schema.org\",\"@graph\":[{\"@type\":\"WebPage\",\"@id\":\"https:\/\/www.gute-loesungen.com\/?page_id=6\",\"url\":\"https:\/\/www.gute-loesungen.com\/?page_id=6\",\"name\":\"Beratung\",\"isPartOf\":{\"@id\":\"https:\/\/www.gute-loesungen.com\/#website\"},\"datePublished\":\"2015-02-24T09:51:48+00:00\",\"dateModified\":\"2023-01-13T12:33:39+00:00\",\"description\":\"Beratung\",\"breadcrumb\":{\"@id\":\"https:\/\/www.gute-loesungen.com\/?page_id=6#breadcrumb\"},\"inLanguage\":\"de\",\"potentialAction\":[{\"@type\":\"ReadAction\",\"target\":[\"https:\/\/www.gute-loesungen.com\/?page_id=6\"]}]},{\"@type\":\"BreadcrumbList\",\"@id\":\"https:\/\/www.gute-loesungen.com\/?page_id=6#breadcrumb\",\"itemListElement\":[{\"@type\":\"ListItem\",\"position\":1,\"name\":\"Home\",\"item\":\"https:\/\/www.gute-loesungen.com\/\"},{\"@type\":\"ListItem\",\"position\":2,\"name\":\"Psychologische Beratung\"}]},{\"@type\":\"WebSite\",\"@id\":\"https:\/\/www.gute-loesungen.com\/#website\",\"url\":\"https:\/\/www.gute-loesungen.com\/\",\"name\":\"Gute L\u00f6sungen\",\"description\":\"Bodo Sporleder\",\"potentialAction\":[{\"@type\":\"SearchAction\",\"target\":{\"@type\":\"EntryPoint\",\"urlTemplate\":\"https:\/\/www.gute-loesungen.com\/?s={search_term_string}\"},\"query-input\":\"required name=search_term_string\"}],\"inLanguage\":\"de\"}]}<\/script>\n<!-- \/ Yoast SEO plugin. -->","yoast_head_json":{"title":"Beratung","description":"Beratung","robots":{"index":"index","follow":"follow","max-snippet":"max-snippet:-1","max-image-preview":"max-image-preview:large","max-video-preview":"max-video-preview:-1"},"canonical":"https:\/\/www.gute-loesungen.com\/?page_id=6","og_locale":"de_DE","og_type":"article","og_title":"Beratung","og_description":"Beratung","og_url":"https:\/\/www.gute-loesungen.com\/?page_id=6","og_site_name":"Gute L\u00f6sungen","article_modified_time":"2023-01-13T12:33:39+00:00","twitter_card":"summary_large_image","twitter_misc":{"Gesch\u00e4tzte Lesezeit":"1\u00a0Minute"},"schema":{"@context":"https:\/\/schema.org","@graph":[{"@type":"WebPage","@id":"https:\/\/www.gute-loesungen.com\/?page_id=6","url":"https:\/\/www.gute-loesungen.com\/?page_id=6","name":"Beratung","isPartOf":{"@id":"https:\/\/www.gute-loesungen.com\/#website"},"datePublished":"2015-02-24T09:51:48+00:00","dateModified":"2023-01-13T12:33:39+00:00","description":"Beratung","breadcrumb":{"@id":"https:\/\/www.gute-loesungen.com\/?page_id=6#breadcrumb"},"inLanguage":"de","potentialAction":[{"@type":"ReadAction","target":["https:\/\/www.gute-loesungen.com\/?page_id=6"]}]},{"@type":"BreadcrumbList","@id":"https:\/\/www.gute-loesungen.com\/?page_id=6#breadcrumb","itemListElement":[{"@type":"ListItem","position":1,"name":"Home","item":"https:\/\/www.gute-loesungen.com\/"},{"@type":"ListItem","position":2,"name":"Psychologische Beratung"}]},{"@type":"WebSite","@id":"https:\/\/www.gute-loesungen.com\/#website","url":"https:\/\/www.gute-loesungen.com\/","name":"Gute L\u00f6sungen","description":"Bodo Sporleder","potentialAction":[{"@type":"SearchAction","target":{"@type":"EntryPoint","urlTemplate":"https:\/\/www.gute-loesungen.com\/?s={search_term_string}"},"query-input":"required name=search_term_string"}],"inLanguage":"de"}]}},"_links":{"self":[{"href":"https:\/\/www.gute-loesungen.com\/index.php?rest_route=\/wp\/v2\/pages\/6"}],"collection":[{"href":"https:\/\/www.gute-loesungen.com\/index.php?rest_route=\/wp\/v2\/pages"}],"about":[{"href":"https:\/\/www.gute-loesungen.com\/index.php?rest_route=\/wp\/v2\/types\/page"}],"author":[{"embeddable":true,"href":"https:\/\/www.gute-loesungen.com\/index.php?rest_route=\/wp\/v2\/users\/1"}],"replies":[{"embeddable":true,"href":"https:\/\/www.gute-loesungen.com\/index.php?rest_route=%2Fwp%2Fv2%2Fcomments&post=6"}],"version-history":[{"count":23,"href":"https:\/\/www.gute-loesungen.com\/index.php?rest_route=\/wp\/v2\/pages\/6\/revisions"}],"predecessor-version":[{"id":605,"href":"https:\/\/www.gute-loesungen.com\/index.php?rest_route=\/wp\/v2\/pages\/6\/revisions\/605"}],"wp:attachment":[{"href":"https:\/\/www.gute-loesungen.com\/index.php?rest_route=%2Fwp%2Fv2%2Fmedia&parent=6"}],"curies":[{"name":"wp","href":"https:\/\/api.w.org\/{rel}","templated":true}]}}