{"id":564,"date":"2018-06-11T07:21:30","date_gmt":"2018-06-11T07:21:30","guid":{"rendered":"http:\/\/www.gute-loesungen.com\/?page_id=564"},"modified":"2023-01-13T12:32:25","modified_gmt":"2023-01-13T12:32:25","slug":"konzeptberatung-i-konzeptentwicklung","status":"publish","type":"page","link":"https:\/\/www.gute-loesungen.com\/?page_id=564","title":{"rendered":"Konzeptberatung I Konzeptentwicklung"},"content":{"rendered":"<p><span style=\"font-family: arial, helvetica, sans-serif; font-size: 14pt;\">Sie m\u00f6chte f\u00fcr Ihr Unternehmen, f\u00fcr Ihre Organisation eine neue Struktur realisieren?<\/span><\/p>\n<p><span style=\"font-size: 14pt;\">Sie m\u00f6chten ein neues Konzept in Ihrer Organisation entwickeln und umsetzen?<\/span><\/p>\n<p><span style=\"font-family: arial, helvetica, sans-serif; font-size: 14pt;\">Sie befassen sich mir dem Gedanken neue Felder zu erobern?<\/span><\/p>\n<p><span style=\"font-size: 14pt;\">Sie m\u00f6chten sich neuen Herausforderungen des &#8222;Marktes&#8220; stellen?<\/span><\/p>\n<p><span style=\"font-size: 14pt;\">Neue Mitarbeiter, neue Leitungspersonen sollen schnell und erfolgreich integriert werden?<\/span><\/p>\n<p><span style=\"font-family: arial, helvetica, sans-serif; font-size: 14pt;\">Ich stehe Ihnen beratend zur Seite und begleite die Prozesse gemeinsam mit Ihrem Team, um Ihre Vorstellungen l\u00f6sungsorientiert, zeitsparend und vor allem prakrisorientiert zu entwickeln und in einem tragf\u00e4higen Konzept zu b\u00fcndeln.\u00a0 Die Prozessbegleitung sowie der Abschluss geh\u00f6ren ebenso zu meinem Angebot.<\/span><\/p>\n","protected":false},"excerpt":{"rendered":"<p>Sie m\u00f6chte f\u00fcr Ihr Unternehmen, f\u00fcr Ihre Organisation eine neue Struktur realisieren? Sie m\u00f6chten ein neues Konzept in Ihrer Organisation entwickeln und umsetzen? Sie befassen sich mir dem Gedanken neue Felder zu erobern? Sie m\u00f6chten sich neuen Herausforderungen des &#8222;Marktes&#8220; stellen? Neue Mitarbeiter, neue Leitungspersonen sollen schnell und erfolgreich integriert &#8230;<\/p>\n","protected":false},"author":1,"featured_media":0,"parent":0,"menu_order":4,"comment_status":"closed","ping_status":"closed","template":"","meta":[],"yoast_head":"<!-- This site is optimized with the Yoast SEO plugin v21.1 - https:\/\/yoast.com\/wordpress\/plugins\/seo\/ -->\n<title>Konzeptberatung I Konzeptentwicklung - Gute L\u00f6sungen<\/title>\n<meta name=\"robots\" content=\"index, follow, max-snippet:-1, max-image-preview:large, max-video-preview:-1\" \/>\n<link rel=\"canonical\" href=\"https:\/\/www.gute-loesungen.com\/?page_id=564\" \/>\n<meta property=\"og:locale\" content=\"de_DE\" \/>\n<meta property=\"og:type\" content=\"article\" \/>\n<meta property=\"og:title\" content=\"Konzeptberatung I Konzeptentwicklung - Gute L\u00f6sungen\" \/>\n<meta property=\"og:description\" content=\"Sie m\u00f6chte f\u00fcr Ihr Unternehmen, f\u00fcr Ihre Organisation eine neue Struktur realisieren? Sie m\u00f6chten ein neues Konzept in Ihrer Organisation entwickeln und umsetzen? Sie befassen sich mir dem Gedanken neue Felder zu erobern? Sie m\u00f6chten sich neuen Herausforderungen des &#8222;Marktes&#8220; stellen? Neue Mitarbeiter, neue Leitungspersonen sollen schnell und erfolgreich integriert &#8230;\" \/>\n<meta property=\"og:url\" content=\"https:\/\/www.gute-loesungen.com\/?page_id=564\" \/>\n<meta property=\"og:site_name\" content=\"Gute L\u00f6sungen\" \/>\n<meta property=\"article:modified_time\" content=\"2023-01-13T12:32:25+00:00\" \/>\n<meta name=\"twitter:card\" content=\"summary_large_image\" \/>\n<meta name=\"twitter:label1\" content=\"Gesch\u00e4tzte Lesezeit\" \/>\n\t<meta name=\"twitter:data1\" content=\"1\u00a0Minute\" \/>\n<script type=\"application\/ld+json\" class=\"yoast-schema-graph\">{\"@context\":\"https:\/\/schema.org\",\"@graph\":[{\"@type\":\"WebPage\",\"@id\":\"https:\/\/www.gute-loesungen.com\/?page_id=564\",\"url\":\"https:\/\/www.gute-loesungen.com\/?page_id=564\",\"name\":\"Konzeptberatung I Konzeptentwicklung - Gute L\u00f6sungen\",\"isPartOf\":{\"@id\":\"https:\/\/www.gute-loesungen.com\/#website\"},\"datePublished\":\"2018-06-11T07:21:30+00:00\",\"dateModified\":\"2023-01-13T12:32:25+00:00\",\"breadcrumb\":{\"@id\":\"https:\/\/www.gute-loesungen.com\/?page_id=564#breadcrumb\"},\"inLanguage\":\"de\",\"potentialAction\":[{\"@type\":\"ReadAction\",\"target\":[\"https:\/\/www.gute-loesungen.com\/?page_id=564\"]}]},{\"@type\":\"BreadcrumbList\",\"@id\":\"https:\/\/www.gute-loesungen.com\/?page_id=564#breadcrumb\",\"itemListElement\":[{\"@type\":\"ListItem\",\"position\":1,\"name\":\"Home\",\"item\":\"https:\/\/www.gute-loesungen.com\/\"},{\"@type\":\"ListItem\",\"position\":2,\"name\":\"Konzeptberatung I Konzeptentwicklung\"}]},{\"@type\":\"WebSite\",\"@id\":\"https:\/\/www.gute-loesungen.com\/#website\",\"url\":\"https:\/\/www.gute-loesungen.com\/\",\"name\":\"Gute L\u00f6sungen\",\"description\":\"Bodo Sporleder\",\"potentialAction\":[{\"@type\":\"SearchAction\",\"target\":{\"@type\":\"EntryPoint\",\"urlTemplate\":\"https:\/\/www.gute-loesungen.com\/?s={search_term_string}\"},\"query-input\":\"required name=search_term_string\"}],\"inLanguage\":\"de\"}]}<\/script>\n<!-- \/ Yoast SEO plugin. -->","yoast_head_json":{"title":"Konzeptberatung I Konzeptentwicklung - Gute L\u00f6sungen","robots":{"index":"index","follow":"follow","max-snippet":"max-snippet:-1","max-image-preview":"max-image-preview:large","max-video-preview":"max-video-preview:-1"},"canonical":"https:\/\/www.gute-loesungen.com\/?page_id=564","og_locale":"de_DE","og_type":"article","og_title":"Konzeptberatung I Konzeptentwicklung - Gute L\u00f6sungen","og_description":"Sie m\u00f6chte f\u00fcr Ihr Unternehmen, f\u00fcr Ihre Organisation eine neue Struktur realisieren? Sie m\u00f6chten ein neues Konzept in Ihrer Organisation entwickeln und umsetzen? Sie befassen sich mir dem Gedanken neue Felder zu erobern? Sie m\u00f6chten sich neuen Herausforderungen des &#8222;Marktes&#8220; stellen? Neue Mitarbeiter, neue Leitungspersonen sollen schnell und erfolgreich integriert &#8230;","og_url":"https:\/\/www.gute-loesungen.com\/?page_id=564","og_site_name":"Gute L\u00f6sungen","article_modified_time":"2023-01-13T12:32:25+00:00","twitter_card":"summary_large_image","twitter_misc":{"Gesch\u00e4tzte Lesezeit":"1\u00a0Minute"},"schema":{"@context":"https:\/\/schema.org","@graph":[{"@type":"WebPage","@id":"https:\/\/www.gute-loesungen.com\/?page_id=564","url":"https:\/\/www.gute-loesungen.com\/?page_id=564","name":"Konzeptberatung I Konzeptentwicklung - Gute L\u00f6sungen","isPartOf":{"@id":"https:\/\/www.gute-loesungen.com\/#website"},"datePublished":"2018-06-11T07:21:30+00:00","dateModified":"2023-01-13T12:32:25+00:00","breadcrumb":{"@id":"https:\/\/www.gute-loesungen.com\/?page_id=564#breadcrumb"},"inLanguage":"de","potentialAction":[{"@type":"ReadAction","target":["https:\/\/www.gute-loesungen.com\/?page_id=564"]}]},{"@type":"BreadcrumbList","@id":"https:\/\/www.gute-loesungen.com\/?page_id=564#breadcrumb","itemListElement":[{"@type":"ListItem","position":1,"name":"Home","item":"https:\/\/www.gute-loesungen.com\/"},{"@type":"ListItem","position":2,"name":"Konzeptberatung I Konzeptentwicklung"}]},{"@type":"WebSite","@id":"https:\/\/www.gute-loesungen.com\/#website","url":"https:\/\/www.gute-loesungen.com\/","name":"Gute L\u00f6sungen","description":"Bodo Sporleder","potentialAction":[{"@type":"SearchAction","target":{"@type":"EntryPoint","urlTemplate":"https:\/\/www.gute-loesungen.com\/?s={search_term_string}"},"query-input":"required name=search_term_string"}],"inLanguage":"de"}]}},"_links":{"self":[{"href":"https:\/\/www.gute-loesungen.com\/index.php?rest_route=\/wp\/v2\/pages\/564"}],"collection":[{"href":"https:\/\/www.gute-loesungen.com\/index.php?rest_route=\/wp\/v2\/pages"}],"about":[{"href":"https:\/\/www.gute-loesungen.com\/index.php?rest_route=\/wp\/v2\/types\/page"}],"author":[{"embeddable":true,"href":"https:\/\/www.gute-loesungen.com\/index.php?rest_route=\/wp\/v2\/users\/1"}],"replies":[{"embeddable":true,"href":"https:\/\/www.gute-loesungen.com\/index.php?rest_route=%2Fwp%2Fv2%2Fcomments&post=564"}],"version-history":[{"count":2,"href":"https:\/\/www.gute-loesungen.com\/index.php?rest_route=\/wp\/v2\/pages\/564\/revisions"}],"predecessor-version":[{"id":604,"href":"https:\/\/www.gute-loesungen.com\/index.php?rest_route=\/wp\/v2\/pages\/564\/revisions\/604"}],"wp:attachment":[{"href":"https:\/\/www.gute-loesungen.com\/index.php?rest_route=%2Fwp%2Fv2%2Fmedia&parent=564"}],"curies":[{"name":"wp","href":"https:\/\/api.w.org\/{rel}","templated":true}]}}