{"id":516,"date":"2017-07-05T12:30:35","date_gmt":"2017-07-05T12:30:35","guid":{"rendered":"http:\/\/www.gute-loesungen.com\/?page_id=516"},"modified":"2023-01-13T12:27:46","modified_gmt":"2023-01-13T12:27:46","slug":"loesungsorientierte-kurztherapie","status":"publish","type":"page","link":"https:\/\/www.gute-loesungen.com\/?page_id=516","title":{"rendered":"L\u00f6sungsorientierte Therapie"},"content":{"rendered":"<p><span style=\"font-family: arial, helvetica, sans-serif;\"><span style=\"font-size: 14pt;\">Je nach Bedarf unterscheide ich zwischen folgenden Formen der<\/span><span style=\"font-size: 14pt;\"> Therapie<\/span><\/span><\/p>\n<ul>\n<li><span style=\"font-family: arial, helvetica, sans-serif; font-size: 14pt; color: #999999;\">Systemische Konsultation<\/span>\n<ul>\n<li><span style=\"font-family: arial, helvetica, sans-serif; font-size: 14pt; color: #999999;\">Ein oder zwei Gespr\u00e4chstermine, oft als Doppelsitzung, zur Abkl\u00e4rung des Behandlungsbedarfes, der dazu hinzuzuziehenden Personen und zur ersten Ressourcen- und L\u00f6sungsaktivierung.<\/span><\/li>\n<\/ul>\n<\/li>\n<\/ul>\n<ul>\n<li><span style=\"font-family: arial, helvetica, sans-serif; font-size: 14pt; color: #999999;\">Systemische Krisenintervention<\/span>\n<ul>\n<li><span style=\"font-family: arial, helvetica, sans-serif; font-size: 14pt; color: #999999;\">F\u00fcnf Sitzungen, oft Doppelsitzungen in einem kurzen Zeitraum<\/span><\/li>\n<\/ul>\n<\/li>\n<\/ul>\n<ul>\n<li><span style=\"font-family: arial, helvetica, sans-serif; font-size: 14pt; color: #999999;\">Systemische Kurzzeittherapie<\/span>\n<ul>\n<li><span style=\"font-family: arial, helvetica, sans-serif; font-size: 14pt; color: #999999;\">Zehn Doppelsitzungen oder zwanzig Einzelsitzungen verteilt \u00fcber etwa sechs bis neun Monate<\/span><\/li>\n<\/ul>\n<\/li>\n<\/ul>\n<ul>\n<li><span style=\"font-family: arial, helvetica, sans-serif; font-size: 14pt; color: #999999;\">Systemische Langzeittherapie<\/span>\n<ul>\n<li><span style=\"font-family: arial, helvetica, sans-serif; font-size: 14pt; color: #999999;\">Bei schweren und\/oder chronischen St\u00f6rungen, ca. 20 bis 30 Doppelsitzungen oder 40 bis 60 Einzelsitzungen verteilt \u00fcber mehrere Jahre.<\/span><\/li>\n<\/ul>\n<\/li>\n<\/ul>\n","protected":false},"excerpt":{"rendered":"<p>Je nach Bedarf unterscheide ich zwischen folgenden Formen der Therapie Systemische Konsultation Ein oder zwei Gespr\u00e4chstermine, oft als Doppelsitzung, zur Abkl\u00e4rung des Behandlungsbedarfes, der dazu hinzuzuziehenden Personen und zur ersten Ressourcen- und L\u00f6sungsaktivierung. Systemische Krisenintervention F\u00fcnf Sitzungen, oft Doppelsitzungen in einem kurzen Zeitraum Systemische Kurzzeittherapie Zehn Doppelsitzungen oder zwanzig Einzelsitzungen &#8230;<\/p>\n","protected":false},"author":1,"featured_media":0,"parent":2,"menu_order":1,"comment_status":"closed","ping_status":"closed","template":"","meta":[],"yoast_head":"<!-- This site is optimized with the Yoast SEO plugin v21.1 - https:\/\/yoast.com\/wordpress\/plugins\/seo\/ -->\n<title>L\u00f6sungsorientierte Therapie - Gute L\u00f6sungen<\/title>\n<meta name=\"robots\" content=\"index, follow, max-snippet:-1, max-image-preview:large, max-video-preview:-1\" \/>\n<link rel=\"canonical\" href=\"https:\/\/www.gute-loesungen.com\/?page_id=516\" \/>\n<meta property=\"og:locale\" content=\"de_DE\" \/>\n<meta property=\"og:type\" content=\"article\" \/>\n<meta property=\"og:title\" content=\"L\u00f6sungsorientierte Therapie - Gute L\u00f6sungen\" \/>\n<meta property=\"og:description\" content=\"Je nach Bedarf unterscheide ich zwischen folgenden Formen der Therapie Systemische Konsultation Ein oder zwei Gespr\u00e4chstermine, oft als Doppelsitzung, zur Abkl\u00e4rung des Behandlungsbedarfes, der dazu hinzuzuziehenden Personen und zur ersten Ressourcen- und L\u00f6sungsaktivierung. Systemische Krisenintervention F\u00fcnf Sitzungen, oft Doppelsitzungen in einem kurzen Zeitraum Systemische Kurzzeittherapie Zehn Doppelsitzungen oder zwanzig Einzelsitzungen &#8230;\" \/>\n<meta property=\"og:url\" content=\"https:\/\/www.gute-loesungen.com\/?page_id=516\" \/>\n<meta property=\"og:site_name\" content=\"Gute L\u00f6sungen\" \/>\n<meta property=\"article:modified_time\" content=\"2023-01-13T12:27:46+00:00\" \/>\n<meta name=\"twitter:card\" content=\"summary_large_image\" \/>\n<meta name=\"twitter:label1\" content=\"Gesch\u00e4tzte Lesezeit\" \/>\n\t<meta name=\"twitter:data1\" content=\"1\u00a0Minute\" \/>\n<script type=\"application\/ld+json\" class=\"yoast-schema-graph\">{\"@context\":\"https:\/\/schema.org\",\"@graph\":[{\"@type\":\"WebPage\",\"@id\":\"https:\/\/www.gute-loesungen.com\/?page_id=516\",\"url\":\"https:\/\/www.gute-loesungen.com\/?page_id=516\",\"name\":\"L\u00f6sungsorientierte Therapie - Gute L\u00f6sungen\",\"isPartOf\":{\"@id\":\"https:\/\/www.gute-loesungen.com\/#website\"},\"datePublished\":\"2017-07-05T12:30:35+00:00\",\"dateModified\":\"2023-01-13T12:27:46+00:00\",\"breadcrumb\":{\"@id\":\"https:\/\/www.gute-loesungen.com\/?page_id=516#breadcrumb\"},\"inLanguage\":\"de\",\"potentialAction\":[{\"@type\":\"ReadAction\",\"target\":[\"https:\/\/www.gute-loesungen.com\/?page_id=516\"]}]},{\"@type\":\"BreadcrumbList\",\"@id\":\"https:\/\/www.gute-loesungen.com\/?page_id=516#breadcrumb\",\"itemListElement\":[{\"@type\":\"ListItem\",\"position\":1,\"name\":\"Home\",\"item\":\"https:\/\/www.gute-loesungen.com\/\"},{\"@type\":\"ListItem\",\"position\":2,\"name\":\"Therapie\",\"item\":\"https:\/\/www.gute-loesungen.com\/?page_id=2\"},{\"@type\":\"ListItem\",\"position\":3,\"name\":\"L\u00f6sungsorientierte Therapie\"}]},{\"@type\":\"WebSite\",\"@id\":\"https:\/\/www.gute-loesungen.com\/#website\",\"url\":\"https:\/\/www.gute-loesungen.com\/\",\"name\":\"Gute L\u00f6sungen\",\"description\":\"Bodo Sporleder\",\"potentialAction\":[{\"@type\":\"SearchAction\",\"target\":{\"@type\":\"EntryPoint\",\"urlTemplate\":\"https:\/\/www.gute-loesungen.com\/?s={search_term_string}\"},\"query-input\":\"required name=search_term_string\"}],\"inLanguage\":\"de\"}]}<\/script>\n<!-- \/ Yoast SEO plugin. -->","yoast_head_json":{"title":"L\u00f6sungsorientierte Therapie - Gute L\u00f6sungen","robots":{"index":"index","follow":"follow","max-snippet":"max-snippet:-1","max-image-preview":"max-image-preview:large","max-video-preview":"max-video-preview:-1"},"canonical":"https:\/\/www.gute-loesungen.com\/?page_id=516","og_locale":"de_DE","og_type":"article","og_title":"L\u00f6sungsorientierte Therapie - Gute L\u00f6sungen","og_description":"Je nach Bedarf unterscheide ich zwischen folgenden Formen der Therapie Systemische Konsultation Ein oder zwei Gespr\u00e4chstermine, oft als Doppelsitzung, zur Abkl\u00e4rung des Behandlungsbedarfes, der dazu hinzuzuziehenden Personen und zur ersten Ressourcen- und L\u00f6sungsaktivierung. Systemische Krisenintervention F\u00fcnf Sitzungen, oft Doppelsitzungen in einem kurzen Zeitraum Systemische Kurzzeittherapie Zehn Doppelsitzungen oder zwanzig Einzelsitzungen &#8230;","og_url":"https:\/\/www.gute-loesungen.com\/?page_id=516","og_site_name":"Gute L\u00f6sungen","article_modified_time":"2023-01-13T12:27:46+00:00","twitter_card":"summary_large_image","twitter_misc":{"Gesch\u00e4tzte Lesezeit":"1\u00a0Minute"},"schema":{"@context":"https:\/\/schema.org","@graph":[{"@type":"WebPage","@id":"https:\/\/www.gute-loesungen.com\/?page_id=516","url":"https:\/\/www.gute-loesungen.com\/?page_id=516","name":"L\u00f6sungsorientierte Therapie - Gute L\u00f6sungen","isPartOf":{"@id":"https:\/\/www.gute-loesungen.com\/#website"},"datePublished":"2017-07-05T12:30:35+00:00","dateModified":"2023-01-13T12:27:46+00:00","breadcrumb":{"@id":"https:\/\/www.gute-loesungen.com\/?page_id=516#breadcrumb"},"inLanguage":"de","potentialAction":[{"@type":"ReadAction","target":["https:\/\/www.gute-loesungen.com\/?page_id=516"]}]},{"@type":"BreadcrumbList","@id":"https:\/\/www.gute-loesungen.com\/?page_id=516#breadcrumb","itemListElement":[{"@type":"ListItem","position":1,"name":"Home","item":"https:\/\/www.gute-loesungen.com\/"},{"@type":"ListItem","position":2,"name":"Therapie","item":"https:\/\/www.gute-loesungen.com\/?page_id=2"},{"@type":"ListItem","position":3,"name":"L\u00f6sungsorientierte Therapie"}]},{"@type":"WebSite","@id":"https:\/\/www.gute-loesungen.com\/#website","url":"https:\/\/www.gute-loesungen.com\/","name":"Gute L\u00f6sungen","description":"Bodo Sporleder","potentialAction":[{"@type":"SearchAction","target":{"@type":"EntryPoint","urlTemplate":"https:\/\/www.gute-loesungen.com\/?s={search_term_string}"},"query-input":"required name=search_term_string"}],"inLanguage":"de"}]}},"_links":{"self":[{"href":"https:\/\/www.gute-loesungen.com\/index.php?rest_route=\/wp\/v2\/pages\/516"}],"collection":[{"href":"https:\/\/www.gute-loesungen.com\/index.php?rest_route=\/wp\/v2\/pages"}],"about":[{"href":"https:\/\/www.gute-loesungen.com\/index.php?rest_route=\/wp\/v2\/types\/page"}],"author":[{"embeddable":true,"href":"https:\/\/www.gute-loesungen.com\/index.php?rest_route=\/wp\/v2\/users\/1"}],"replies":[{"embeddable":true,"href":"https:\/\/www.gute-loesungen.com\/index.php?rest_route=%2Fwp%2Fv2%2Fcomments&post=516"}],"version-history":[{"count":4,"href":"https:\/\/www.gute-loesungen.com\/index.php?rest_route=\/wp\/v2\/pages\/516\/revisions"}],"predecessor-version":[{"id":596,"href":"https:\/\/www.gute-loesungen.com\/index.php?rest_route=\/wp\/v2\/pages\/516\/revisions\/596"}],"up":[{"embeddable":true,"href":"https:\/\/www.gute-loesungen.com\/index.php?rest_route=\/wp\/v2\/pages\/2"}],"wp:attachment":[{"href":"https:\/\/www.gute-loesungen.com\/index.php?rest_route=%2Fwp%2Fv2%2Fmedia&parent=516"}],"curies":[{"name":"wp","href":"https:\/\/api.w.org\/{rel}","templated":true}]}}