{"id":370,"date":"2017-05-26T08:42:57","date_gmt":"2017-05-26T08:42:57","guid":{"rendered":"http:\/\/www.gute-loesungen.com\/?page_id=370"},"modified":"2023-01-13T12:34:47","modified_gmt":"2023-01-13T12:34:47","slug":"ihre-themen","status":"publish","type":"page","link":"https:\/\/www.gute-loesungen.com\/?page_id=370","title":{"rendered":"Ihre Themen"},"content":{"rendered":"<p>Sie bestimmen die Themen<br \/>\nM\u00f6gliche Themen sind die pers\u00f6nliche oder berufliche Weiterentwicklungen, der Umgang mit gesundheitlichen Krisen oder anderen Schicksalsschl\u00e4gen.<br \/>\nAls Systemischer Familientherapeut bin ich auch kompetent\u00a0in den unterschiedlichen Aspekten der Erziehungsberatung.<br \/>\nAlle Probleme, die auf die Seele dr\u00fccken haben mit dem Aspekt der Aufkl\u00e4rung und Aufl\u00f6sung ihren Platz in der Psychologischen Beratung.<\/p>\n","protected":false},"excerpt":{"rendered":"<p>Sie bestimmen die Themen M\u00f6gliche Themen sind die pers\u00f6nliche oder berufliche Weiterentwicklungen, der Umgang mit gesundheitlichen Krisen oder anderen Schicksalsschl\u00e4gen. Als Systemischer Familientherapeut bin ich auch kompetent\u00a0in den unterschiedlichen Aspekten der Erziehungsberatung. Alle Probleme, die auf die Seele dr\u00fccken haben mit dem Aspekt der Aufkl\u00e4rung und Aufl\u00f6sung ihren Platz in &#8230;<\/p>\n","protected":false},"author":1,"featured_media":0,"parent":6,"menu_order":2,"comment_status":"closed","ping_status":"closed","template":"","meta":[],"yoast_head":"<!-- This site is optimized with the Yoast SEO plugin v21.1 - https:\/\/yoast.com\/wordpress\/plugins\/seo\/ -->\n<title>Ihre Themen - Gute L\u00f6sungen<\/title>\n<meta name=\"robots\" content=\"index, follow, max-snippet:-1, max-image-preview:large, max-video-preview:-1\" \/>\n<link rel=\"canonical\" href=\"https:\/\/www.gute-loesungen.com\/?page_id=370\" \/>\n<meta property=\"og:locale\" content=\"de_DE\" \/>\n<meta property=\"og:type\" content=\"article\" \/>\n<meta property=\"og:title\" content=\"Ihre Themen - Gute L\u00f6sungen\" \/>\n<meta property=\"og:description\" content=\"Sie bestimmen die Themen M\u00f6gliche Themen sind die pers\u00f6nliche oder berufliche Weiterentwicklungen, der Umgang mit gesundheitlichen Krisen oder anderen Schicksalsschl\u00e4gen. Als Systemischer Familientherapeut bin ich auch kompetent\u00a0in den unterschiedlichen Aspekten der Erziehungsberatung. Alle Probleme, die auf die Seele dr\u00fccken haben mit dem Aspekt der Aufkl\u00e4rung und Aufl\u00f6sung ihren Platz in &#8230;\" \/>\n<meta property=\"og:url\" content=\"https:\/\/www.gute-loesungen.com\/?page_id=370\" \/>\n<meta property=\"og:site_name\" content=\"Gute L\u00f6sungen\" \/>\n<meta property=\"article:modified_time\" content=\"2023-01-13T12:34:47+00:00\" \/>\n<meta name=\"twitter:card\" content=\"summary_large_image\" \/>\n<meta name=\"twitter:label1\" content=\"Gesch\u00e4tzte Lesezeit\" \/>\n\t<meta name=\"twitter:data1\" content=\"1\u00a0Minute\" \/>\n<script type=\"application\/ld+json\" class=\"yoast-schema-graph\">{\"@context\":\"https:\/\/schema.org\",\"@graph\":[{\"@type\":\"WebPage\",\"@id\":\"https:\/\/www.gute-loesungen.com\/?page_id=370\",\"url\":\"https:\/\/www.gute-loesungen.com\/?page_id=370\",\"name\":\"Ihre Themen - Gute L\u00f6sungen\",\"isPartOf\":{\"@id\":\"https:\/\/www.gute-loesungen.com\/#website\"},\"datePublished\":\"2017-05-26T08:42:57+00:00\",\"dateModified\":\"2023-01-13T12:34:47+00:00\",\"breadcrumb\":{\"@id\":\"https:\/\/www.gute-loesungen.com\/?page_id=370#breadcrumb\"},\"inLanguage\":\"de\",\"potentialAction\":[{\"@type\":\"ReadAction\",\"target\":[\"https:\/\/www.gute-loesungen.com\/?page_id=370\"]}]},{\"@type\":\"BreadcrumbList\",\"@id\":\"https:\/\/www.gute-loesungen.com\/?page_id=370#breadcrumb\",\"itemListElement\":[{\"@type\":\"ListItem\",\"position\":1,\"name\":\"Home\",\"item\":\"https:\/\/www.gute-loesungen.com\/\"},{\"@type\":\"ListItem\",\"position\":2,\"name\":\"Psychologische Beratung\",\"item\":\"https:\/\/www.gute-loesungen.com\/?page_id=6\"},{\"@type\":\"ListItem\",\"position\":3,\"name\":\"Ihre Themen\"}]},{\"@type\":\"WebSite\",\"@id\":\"https:\/\/www.gute-loesungen.com\/#website\",\"url\":\"https:\/\/www.gute-loesungen.com\/\",\"name\":\"Gute L\u00f6sungen\",\"description\":\"Bodo Sporleder\",\"potentialAction\":[{\"@type\":\"SearchAction\",\"target\":{\"@type\":\"EntryPoint\",\"urlTemplate\":\"https:\/\/www.gute-loesungen.com\/?s={search_term_string}\"},\"query-input\":\"required name=search_term_string\"}],\"inLanguage\":\"de\"}]}<\/script>\n<!-- \/ Yoast SEO plugin. -->","yoast_head_json":{"title":"Ihre Themen - Gute L\u00f6sungen","robots":{"index":"index","follow":"follow","max-snippet":"max-snippet:-1","max-image-preview":"max-image-preview:large","max-video-preview":"max-video-preview:-1"},"canonical":"https:\/\/www.gute-loesungen.com\/?page_id=370","og_locale":"de_DE","og_type":"article","og_title":"Ihre Themen - Gute L\u00f6sungen","og_description":"Sie bestimmen die Themen M\u00f6gliche Themen sind die pers\u00f6nliche oder berufliche Weiterentwicklungen, der Umgang mit gesundheitlichen Krisen oder anderen Schicksalsschl\u00e4gen. Als Systemischer Familientherapeut bin ich auch kompetent\u00a0in den unterschiedlichen Aspekten der Erziehungsberatung. Alle Probleme, die auf die Seele dr\u00fccken haben mit dem Aspekt der Aufkl\u00e4rung und Aufl\u00f6sung ihren Platz in &#8230;","og_url":"https:\/\/www.gute-loesungen.com\/?page_id=370","og_site_name":"Gute L\u00f6sungen","article_modified_time":"2023-01-13T12:34:47+00:00","twitter_card":"summary_large_image","twitter_misc":{"Gesch\u00e4tzte Lesezeit":"1\u00a0Minute"},"schema":{"@context":"https:\/\/schema.org","@graph":[{"@type":"WebPage","@id":"https:\/\/www.gute-loesungen.com\/?page_id=370","url":"https:\/\/www.gute-loesungen.com\/?page_id=370","name":"Ihre Themen - Gute L\u00f6sungen","isPartOf":{"@id":"https:\/\/www.gute-loesungen.com\/#website"},"datePublished":"2017-05-26T08:42:57+00:00","dateModified":"2023-01-13T12:34:47+00:00","breadcrumb":{"@id":"https:\/\/www.gute-loesungen.com\/?page_id=370#breadcrumb"},"inLanguage":"de","potentialAction":[{"@type":"ReadAction","target":["https:\/\/www.gute-loesungen.com\/?page_id=370"]}]},{"@type":"BreadcrumbList","@id":"https:\/\/www.gute-loesungen.com\/?page_id=370#breadcrumb","itemListElement":[{"@type":"ListItem","position":1,"name":"Home","item":"https:\/\/www.gute-loesungen.com\/"},{"@type":"ListItem","position":2,"name":"Psychologische Beratung","item":"https:\/\/www.gute-loesungen.com\/?page_id=6"},{"@type":"ListItem","position":3,"name":"Ihre Themen"}]},{"@type":"WebSite","@id":"https:\/\/www.gute-loesungen.com\/#website","url":"https:\/\/www.gute-loesungen.com\/","name":"Gute L\u00f6sungen","description":"Bodo Sporleder","potentialAction":[{"@type":"SearchAction","target":{"@type":"EntryPoint","urlTemplate":"https:\/\/www.gute-loesungen.com\/?s={search_term_string}"},"query-input":"required name=search_term_string"}],"inLanguage":"de"}]}},"_links":{"self":[{"href":"https:\/\/www.gute-loesungen.com\/index.php?rest_route=\/wp\/v2\/pages\/370"}],"collection":[{"href":"https:\/\/www.gute-loesungen.com\/index.php?rest_route=\/wp\/v2\/pages"}],"about":[{"href":"https:\/\/www.gute-loesungen.com\/index.php?rest_route=\/wp\/v2\/types\/page"}],"author":[{"embeddable":true,"href":"https:\/\/www.gute-loesungen.com\/index.php?rest_route=\/wp\/v2\/users\/1"}],"replies":[{"embeddable":true,"href":"https:\/\/www.gute-loesungen.com\/index.php?rest_route=%2Fwp%2Fv2%2Fcomments&post=370"}],"version-history":[{"count":2,"href":"https:\/\/www.gute-loesungen.com\/index.php?rest_route=\/wp\/v2\/pages\/370\/revisions"}],"predecessor-version":[{"id":607,"href":"https:\/\/www.gute-loesungen.com\/index.php?rest_route=\/wp\/v2\/pages\/370\/revisions\/607"}],"up":[{"embeddable":true,"href":"https:\/\/www.gute-loesungen.com\/index.php?rest_route=\/wp\/v2\/pages\/6"}],"wp:attachment":[{"href":"https:\/\/www.gute-loesungen.com\/index.php?rest_route=%2Fwp%2Fv2%2Fmedia&parent=370"}],"curies":[{"name":"wp","href":"https:\/\/api.w.org\/{rel}","templated":true}]}}