{"id":334,"date":"2017-05-12T08:06:58","date_gmt":"2017-05-12T08:06:58","guid":{"rendered":"http:\/\/www.gute-loesungen.com\/?page_id=334"},"modified":"2023-01-13T12:34:19","modified_gmt":"2023-01-13T12:34:19","slug":"systemisch-und-loesungsorientiert","status":"publish","type":"page","link":"https:\/\/www.gute-loesungen.com\/?page_id=334","title":{"rendered":"Systemisch und L\u00f6sungsorientiert"},"content":{"rendered":"<p>Was bedeutet <strong>systemisches Arbeiten<\/strong>, was erwartet Sie in einer <a href=\"https:\/\/www.dgsf.org\/service\/was-heisst-systemisch\/systemische_Einzeltherapie_Coaching_Organisationsberatung.htm\" target=\"_blank\" rel=\"noopener noreferrer\">systemischen Therapie<\/a>? \u00a0Die Ausbildung zum Systemischen Therapeuten\/Familientherapeuten habe ich bei <a href=\"https:\/\/www.systemisches-zentrum.de\/\" target=\"_blank\" rel=\"noopener noreferrer\">Wispo<\/a> absolviert, einem von der <a href=\"https:\/\/www.dgsf.org\/\" target=\"_blank\" rel=\"noopener noreferrer\">DGSF<\/a> anerkannten Institut. Hier finden Sie genaueres \u00fcber die wissenschaftlich anerkannte Therapieform.<br \/>\nHier finden Sie auch Hinweise \u00fcber das Thema. <a href=\"https:\/\/www.dgsf.org\/service\/download-bereich\/wie-erkenne-ich-gute-beratung\" target=\"_blank\" rel=\"noopener noreferrer\">&#8222;Wie erkenne ich gute Beratung?&#8220;<\/a><\/p>\n<p>Was ist L\u00f6sungsorientierte Beratung und Supervision?<br \/>\nIn der L\u00f6sungsorientierten Arbeit steht die kreative Suche nach jeweils passenden L\u00f6sung im Vordergrund, Es werden die Brocken beiseite ger\u00e4umt, die die Sicht und Zuversicht f\u00fcr eine Gute L\u00f6sung zu versperren drohen. Der L\u00f6sungsorientierte Ansatz glaubt an die Ressourcenund unterst\u00fctzt die Ratsuchenden, vorhandene F\u00e4higkeiten (wieder) zu entwickeln.<br \/>\nIch habe meine Ausbildung zum Systemischen Supervisor bei beim Institut f\u00fcr L\u00f6sungsorientierte Beratung und Supervision in Heidelberg <a href=\"http:\/\/www.ilbs.de\/\" target=\"_blank\" rel=\"noopener noreferrer\">ILBS <\/a>gemacht. Das Institut ist Mitglied in der <a href=\"https:\/\/systemische-gesellschaft.de\/\" target=\"_blank\" rel=\"noopener noreferrer\">Systemischen Gesellschaft<\/a>\u00a0(SG) und der <a href=\"https:\/\/www.aps-supervision.de\/\" target=\"_blank\" rel=\"noopener noreferrer\">APS<\/a><\/p>\n<p><span style=\"font-size: 8pt;\"><a href=\"https:\/\/www.dgsf.org\/service\/was-heisst-systemisch\/systemische_Einzeltherapie_Coaching_Organisationsberatung.htm\" target=\"_blank\" rel=\"noopener noreferrer\">systemischen Therapie<br \/>\n<\/a><a href=\"https:\/\/www.dgsf.org\/\" target=\"_blank\" rel=\"noopener noreferrer\">DGSF<br \/>\n<\/a><a href=\"https:\/\/www.dgsf.org\/service\/download-bereich\/wie-erkenne-ich-gute-beratung\" target=\"_blank\" rel=\"noopener noreferrer\">&#8222;Wie erkenne ich gute Beratung?&#8220;<br \/>\n<\/a><a href=\"http:\/\/www.ilbs.de\/\" target=\"_blank\" rel=\"noopener noreferrer\">ILBS<br \/>\n<\/a><a href=\"https:\/\/www.aps-supervision.de\/\" target=\"_blank\" rel=\"noopener noreferrer\">APS<br \/>\n<\/a><a href=\"https:\/\/systemische-gesellschaft.de\/\" target=\"_blank\" rel=\"noopener noreferrer\">Systemischen Gesellschaft<\/a><\/span><a href=\"https:\/\/www.aps-supervision.de\/\" target=\"_blank\" rel=\"noopener noreferrer\"><br \/>\n<\/a><\/p>\n","protected":false},"excerpt":{"rendered":"<p>Was bedeutet systemisches Arbeiten, was erwartet Sie in einer systemischen Therapie? \u00a0Die Ausbildung zum Systemischen Therapeuten\/Familientherapeuten habe ich bei Wispo absolviert, einem von der DGSF anerkannten Institut. Hier finden Sie genaueres \u00fcber die wissenschaftlich anerkannte Therapieform. Hier finden Sie auch Hinweise \u00fcber das Thema. &#8222;Wie erkenne ich gute Beratung?&#8220; Was &#8230;<\/p>\n","protected":false},"author":1,"featured_media":0,"parent":6,"menu_order":0,"comment_status":"closed","ping_status":"closed","template":"","meta":[],"yoast_head":"<!-- This site is optimized with the Yoast SEO plugin v21.1 - https:\/\/yoast.com\/wordpress\/plugins\/seo\/ -->\n<title>Systemisch und L\u00f6sungsorientiert - Gute L\u00f6sungen<\/title>\n<meta name=\"robots\" content=\"index, follow, max-snippet:-1, max-image-preview:large, max-video-preview:-1\" \/>\n<link rel=\"canonical\" href=\"https:\/\/www.gute-loesungen.com\/?page_id=334\" \/>\n<meta property=\"og:locale\" content=\"de_DE\" \/>\n<meta property=\"og:type\" content=\"article\" \/>\n<meta property=\"og:title\" content=\"Systemisch und L\u00f6sungsorientiert - Gute L\u00f6sungen\" \/>\n<meta property=\"og:description\" content=\"Was bedeutet systemisches Arbeiten, was erwartet Sie in einer systemischen Therapie? \u00a0Die Ausbildung zum Systemischen Therapeuten\/Familientherapeuten habe ich bei Wispo absolviert, einem von der DGSF anerkannten Institut. Hier finden Sie genaueres \u00fcber die wissenschaftlich anerkannte Therapieform. Hier finden Sie auch Hinweise \u00fcber das Thema. &#8222;Wie erkenne ich gute Beratung?&#8220; Was &#8230;\" \/>\n<meta property=\"og:url\" content=\"https:\/\/www.gute-loesungen.com\/?page_id=334\" \/>\n<meta property=\"og:site_name\" content=\"Gute L\u00f6sungen\" \/>\n<meta property=\"article:modified_time\" content=\"2023-01-13T12:34:19+00:00\" \/>\n<meta name=\"twitter:card\" content=\"summary_large_image\" \/>\n<meta name=\"twitter:label1\" content=\"Gesch\u00e4tzte Lesezeit\" \/>\n\t<meta name=\"twitter:data1\" content=\"1\u00a0Minute\" \/>\n<script type=\"application\/ld+json\" class=\"yoast-schema-graph\">{\"@context\":\"https:\/\/schema.org\",\"@graph\":[{\"@type\":\"WebPage\",\"@id\":\"https:\/\/www.gute-loesungen.com\/?page_id=334\",\"url\":\"https:\/\/www.gute-loesungen.com\/?page_id=334\",\"name\":\"Systemisch und L\u00f6sungsorientiert - Gute L\u00f6sungen\",\"isPartOf\":{\"@id\":\"https:\/\/www.gute-loesungen.com\/#website\"},\"datePublished\":\"2017-05-12T08:06:58+00:00\",\"dateModified\":\"2023-01-13T12:34:19+00:00\",\"breadcrumb\":{\"@id\":\"https:\/\/www.gute-loesungen.com\/?page_id=334#breadcrumb\"},\"inLanguage\":\"de\",\"potentialAction\":[{\"@type\":\"ReadAction\",\"target\":[\"https:\/\/www.gute-loesungen.com\/?page_id=334\"]}]},{\"@type\":\"BreadcrumbList\",\"@id\":\"https:\/\/www.gute-loesungen.com\/?page_id=334#breadcrumb\",\"itemListElement\":[{\"@type\":\"ListItem\",\"position\":1,\"name\":\"Home\",\"item\":\"https:\/\/www.gute-loesungen.com\/\"},{\"@type\":\"ListItem\",\"position\":2,\"name\":\"Psychologische Beratung\",\"item\":\"https:\/\/www.gute-loesungen.com\/?page_id=6\"},{\"@type\":\"ListItem\",\"position\":3,\"name\":\"Systemisch und L\u00f6sungsorientiert\"}]},{\"@type\":\"WebSite\",\"@id\":\"https:\/\/www.gute-loesungen.com\/#website\",\"url\":\"https:\/\/www.gute-loesungen.com\/\",\"name\":\"Gute L\u00f6sungen\",\"description\":\"Bodo Sporleder\",\"potentialAction\":[{\"@type\":\"SearchAction\",\"target\":{\"@type\":\"EntryPoint\",\"urlTemplate\":\"https:\/\/www.gute-loesungen.com\/?s={search_term_string}\"},\"query-input\":\"required name=search_term_string\"}],\"inLanguage\":\"de\"}]}<\/script>\n<!-- \/ Yoast SEO plugin. -->","yoast_head_json":{"title":"Systemisch und L\u00f6sungsorientiert - Gute L\u00f6sungen","robots":{"index":"index","follow":"follow","max-snippet":"max-snippet:-1","max-image-preview":"max-image-preview:large","max-video-preview":"max-video-preview:-1"},"canonical":"https:\/\/www.gute-loesungen.com\/?page_id=334","og_locale":"de_DE","og_type":"article","og_title":"Systemisch und L\u00f6sungsorientiert - Gute L\u00f6sungen","og_description":"Was bedeutet systemisches Arbeiten, was erwartet Sie in einer systemischen Therapie? \u00a0Die Ausbildung zum Systemischen Therapeuten\/Familientherapeuten habe ich bei Wispo absolviert, einem von der DGSF anerkannten Institut. Hier finden Sie genaueres \u00fcber die wissenschaftlich anerkannte Therapieform. Hier finden Sie auch Hinweise \u00fcber das Thema. &#8222;Wie erkenne ich gute Beratung?&#8220; Was &#8230;","og_url":"https:\/\/www.gute-loesungen.com\/?page_id=334","og_site_name":"Gute L\u00f6sungen","article_modified_time":"2023-01-13T12:34:19+00:00","twitter_card":"summary_large_image","twitter_misc":{"Gesch\u00e4tzte Lesezeit":"1\u00a0Minute"},"schema":{"@context":"https:\/\/schema.org","@graph":[{"@type":"WebPage","@id":"https:\/\/www.gute-loesungen.com\/?page_id=334","url":"https:\/\/www.gute-loesungen.com\/?page_id=334","name":"Systemisch und L\u00f6sungsorientiert - Gute L\u00f6sungen","isPartOf":{"@id":"https:\/\/www.gute-loesungen.com\/#website"},"datePublished":"2017-05-12T08:06:58+00:00","dateModified":"2023-01-13T12:34:19+00:00","breadcrumb":{"@id":"https:\/\/www.gute-loesungen.com\/?page_id=334#breadcrumb"},"inLanguage":"de","potentialAction":[{"@type":"ReadAction","target":["https:\/\/www.gute-loesungen.com\/?page_id=334"]}]},{"@type":"BreadcrumbList","@id":"https:\/\/www.gute-loesungen.com\/?page_id=334#breadcrumb","itemListElement":[{"@type":"ListItem","position":1,"name":"Home","item":"https:\/\/www.gute-loesungen.com\/"},{"@type":"ListItem","position":2,"name":"Psychologische Beratung","item":"https:\/\/www.gute-loesungen.com\/?page_id=6"},{"@type":"ListItem","position":3,"name":"Systemisch und L\u00f6sungsorientiert"}]},{"@type":"WebSite","@id":"https:\/\/www.gute-loesungen.com\/#website","url":"https:\/\/www.gute-loesungen.com\/","name":"Gute L\u00f6sungen","description":"Bodo Sporleder","potentialAction":[{"@type":"SearchAction","target":{"@type":"EntryPoint","urlTemplate":"https:\/\/www.gute-loesungen.com\/?s={search_term_string}"},"query-input":"required name=search_term_string"}],"inLanguage":"de"}]}},"_links":{"self":[{"href":"https:\/\/www.gute-loesungen.com\/index.php?rest_route=\/wp\/v2\/pages\/334"}],"collection":[{"href":"https:\/\/www.gute-loesungen.com\/index.php?rest_route=\/wp\/v2\/pages"}],"about":[{"href":"https:\/\/www.gute-loesungen.com\/index.php?rest_route=\/wp\/v2\/types\/page"}],"author":[{"embeddable":true,"href":"https:\/\/www.gute-loesungen.com\/index.php?rest_route=\/wp\/v2\/users\/1"}],"replies":[{"embeddable":true,"href":"https:\/\/www.gute-loesungen.com\/index.php?rest_route=%2Fwp%2Fv2%2Fcomments&post=334"}],"version-history":[{"count":5,"href":"https:\/\/www.gute-loesungen.com\/index.php?rest_route=\/wp\/v2\/pages\/334\/revisions"}],"predecessor-version":[{"id":606,"href":"https:\/\/www.gute-loesungen.com\/index.php?rest_route=\/wp\/v2\/pages\/334\/revisions\/606"}],"up":[{"embeddable":true,"href":"https:\/\/www.gute-loesungen.com\/index.php?rest_route=\/wp\/v2\/pages\/6"}],"wp:attachment":[{"href":"https:\/\/www.gute-loesungen.com\/index.php?rest_route=%2Fwp%2Fv2%2Fmedia&parent=334"}],"curies":[{"name":"wp","href":"https:\/\/api.w.org\/{rel}","templated":true}]}}