{"id":2,"date":"2015-02-03T08:56:59","date_gmt":"2015-02-03T08:56:59","guid":{"rendered":"http:\/\/www.gute-loesungen.com\/?page_id=2"},"modified":"2023-01-13T12:27:10","modified_gmt":"2023-01-13T12:27:10","slug":"therapie","status":"publish","type":"page","link":"https:\/\/www.gute-loesungen.com\/?page_id=2","title":{"rendered":"Therapie"},"content":{"rendered":"<p><strong><span style=\"font-size: 14pt; color: #808080;\">Ich bin Systemischer Therapeut\/Familientherapeut (DGSF)<\/span><\/strong><\/p>\n<p><span style=\"font-size: 14pt; color: #808080;\">Ich arbeite nach den Grundregeln der Systemischen Therapie mit dem Schwerpunkt auf L\u00f6sungsorientierung<\/span><\/p>\n<p><span style=\"color: #808080;\"><strong><span style=\"font-size: 12pt;\"><span style=\"font-size: 14pt;\">Meine pers\u00f6nlichen Grunds\u00e4tze sind<\/span><\/span><\/strong><\/span><\/p>\n<p><span style=\"font-size: 14pt; color: #808080;\">Orientierung am Anliegen meiner Kunden<\/span><\/p>\n<p><span style=\"font-size: 14pt; color: #808080;\">Vertrauen und Wertsch\u00e4tzung<\/span><\/p>\n<p><span style=\"font-size: 14pt; color: #808080;\">Ressourcenorientierung<\/span><\/p>\n<p><span style=\"font-size: 14pt; color: #808080;\">Fokussierung auf L\u00f6sungen<\/span><\/p>\n<p><span style=\"font-size: 14pt; color: #808080;\">Absolute Diskretion<br \/>\n<\/span><\/p>\n<p><span style=\"font-size: 14pt; color: #808080;\">Die Dauer der Therapie richtet dich nach Ihrem Bedarf<\/span><\/p>\n<p><a href=\"http:\/\/www.gute-loesungen.com\/wp-content\/uploads\/2015\/02\/2xfigur.gif\"><img decoding=\"async\" loading=\"lazy\" class=\" wp-image-211 alignleft\" src=\"http:\/\/www.gute-loesungen.com\/wp-content\/uploads\/2015\/02\/2xfigur.gif\" alt=\"2xfigur\" width=\"397\" height=\"159\" \/><\/a><\/p>\n","protected":false},"excerpt":{"rendered":"<p>Ich bin Systemischer Therapeut\/Familientherapeut (DGSF) Ich arbeite nach den Grundregeln der Systemischen Therapie mit dem Schwerpunkt auf L\u00f6sungsorientierung Meine pers\u00f6nlichen Grunds\u00e4tze sind Orientierung am Anliegen meiner Kunden Vertrauen und Wertsch\u00e4tzung Ressourcenorientierung Fokussierung auf L\u00f6sungen Absolute Diskretion Die Dauer der Therapie richtet dich nach Ihrem Bedarf<\/p>\n","protected":false},"author":1,"featured_media":0,"parent":0,"menu_order":2,"comment_status":"closed","ping_status":"closed","template":"","meta":[],"yoast_head":"<!-- This site is optimized with the Yoast SEO plugin v21.1 - https:\/\/yoast.com\/wordpress\/plugins\/seo\/ -->\n<title>Therapie - Gute L\u00f6sungen<\/title>\n<meta name=\"description\" content=\"Therapie\" \/>\n<meta name=\"robots\" content=\"index, follow, max-snippet:-1, max-image-preview:large, max-video-preview:-1\" \/>\n<link rel=\"canonical\" href=\"https:\/\/www.gute-loesungen.com\/?page_id=2\" \/>\n<meta property=\"og:locale\" content=\"de_DE\" \/>\n<meta property=\"og:type\" content=\"article\" \/>\n<meta property=\"og:title\" content=\"Therapie - Gute L\u00f6sungen\" \/>\n<meta property=\"og:description\" content=\"Therapie\" \/>\n<meta property=\"og:url\" content=\"https:\/\/www.gute-loesungen.com\/?page_id=2\" \/>\n<meta property=\"og:site_name\" content=\"Gute L\u00f6sungen\" \/>\n<meta property=\"article:modified_time\" content=\"2023-01-13T12:27:10+00:00\" \/>\n<meta property=\"og:image\" content=\"http:\/\/www.gute-loesungen.com\/wp-content\/uploads\/2015\/02\/2xfigur.gif\" \/>\n<meta name=\"twitter:card\" content=\"summary_large_image\" \/>\n<meta name=\"twitter:label1\" content=\"Gesch\u00e4tzte Lesezeit\" \/>\n\t<meta name=\"twitter:data1\" content=\"1\u00a0Minute\" \/>\n<script type=\"application\/ld+json\" class=\"yoast-schema-graph\">{\"@context\":\"https:\/\/schema.org\",\"@graph\":[{\"@type\":\"WebPage\",\"@id\":\"https:\/\/www.gute-loesungen.com\/?page_id=2\",\"url\":\"https:\/\/www.gute-loesungen.com\/?page_id=2\",\"name\":\"Therapie - Gute L\u00f6sungen\",\"isPartOf\":{\"@id\":\"https:\/\/www.gute-loesungen.com\/#website\"},\"datePublished\":\"2015-02-03T08:56:59+00:00\",\"dateModified\":\"2023-01-13T12:27:10+00:00\",\"description\":\"Therapie\",\"breadcrumb\":{\"@id\":\"https:\/\/www.gute-loesungen.com\/?page_id=2#breadcrumb\"},\"inLanguage\":\"de\",\"potentialAction\":[{\"@type\":\"ReadAction\",\"target\":[\"https:\/\/www.gute-loesungen.com\/?page_id=2\"]}]},{\"@type\":\"BreadcrumbList\",\"@id\":\"https:\/\/www.gute-loesungen.com\/?page_id=2#breadcrumb\",\"itemListElement\":[{\"@type\":\"ListItem\",\"position\":1,\"name\":\"Home\",\"item\":\"https:\/\/www.gute-loesungen.com\/\"},{\"@type\":\"ListItem\",\"position\":2,\"name\":\"Therapie\"}]},{\"@type\":\"WebSite\",\"@id\":\"https:\/\/www.gute-loesungen.com\/#website\",\"url\":\"https:\/\/www.gute-loesungen.com\/\",\"name\":\"Gute L\u00f6sungen\",\"description\":\"Bodo Sporleder\",\"potentialAction\":[{\"@type\":\"SearchAction\",\"target\":{\"@type\":\"EntryPoint\",\"urlTemplate\":\"https:\/\/www.gute-loesungen.com\/?s={search_term_string}\"},\"query-input\":\"required name=search_term_string\"}],\"inLanguage\":\"de\"}]}<\/script>\n<!-- \/ Yoast SEO plugin. -->","yoast_head_json":{"title":"Therapie - Gute L\u00f6sungen","description":"Therapie","robots":{"index":"index","follow":"follow","max-snippet":"max-snippet:-1","max-image-preview":"max-image-preview:large","max-video-preview":"max-video-preview:-1"},"canonical":"https:\/\/www.gute-loesungen.com\/?page_id=2","og_locale":"de_DE","og_type":"article","og_title":"Therapie - Gute L\u00f6sungen","og_description":"Therapie","og_url":"https:\/\/www.gute-loesungen.com\/?page_id=2","og_site_name":"Gute L\u00f6sungen","article_modified_time":"2023-01-13T12:27:10+00:00","og_image":[{"url":"http:\/\/www.gute-loesungen.com\/wp-content\/uploads\/2015\/02\/2xfigur.gif"}],"twitter_card":"summary_large_image","twitter_misc":{"Gesch\u00e4tzte Lesezeit":"1\u00a0Minute"},"schema":{"@context":"https:\/\/schema.org","@graph":[{"@type":"WebPage","@id":"https:\/\/www.gute-loesungen.com\/?page_id=2","url":"https:\/\/www.gute-loesungen.com\/?page_id=2","name":"Therapie - Gute L\u00f6sungen","isPartOf":{"@id":"https:\/\/www.gute-loesungen.com\/#website"},"datePublished":"2015-02-03T08:56:59+00:00","dateModified":"2023-01-13T12:27:10+00:00","description":"Therapie","breadcrumb":{"@id":"https:\/\/www.gute-loesungen.com\/?page_id=2#breadcrumb"},"inLanguage":"de","potentialAction":[{"@type":"ReadAction","target":["https:\/\/www.gute-loesungen.com\/?page_id=2"]}]},{"@type":"BreadcrumbList","@id":"https:\/\/www.gute-loesungen.com\/?page_id=2#breadcrumb","itemListElement":[{"@type":"ListItem","position":1,"name":"Home","item":"https:\/\/www.gute-loesungen.com\/"},{"@type":"ListItem","position":2,"name":"Therapie"}]},{"@type":"WebSite","@id":"https:\/\/www.gute-loesungen.com\/#website","url":"https:\/\/www.gute-loesungen.com\/","name":"Gute L\u00f6sungen","description":"Bodo Sporleder","potentialAction":[{"@type":"SearchAction","target":{"@type":"EntryPoint","urlTemplate":"https:\/\/www.gute-loesungen.com\/?s={search_term_string}"},"query-input":"required name=search_term_string"}],"inLanguage":"de"}]}},"_links":{"self":[{"href":"https:\/\/www.gute-loesungen.com\/index.php?rest_route=\/wp\/v2\/pages\/2"}],"collection":[{"href":"https:\/\/www.gute-loesungen.com\/index.php?rest_route=\/wp\/v2\/pages"}],"about":[{"href":"https:\/\/www.gute-loesungen.com\/index.php?rest_route=\/wp\/v2\/types\/page"}],"author":[{"embeddable":true,"href":"https:\/\/www.gute-loesungen.com\/index.php?rest_route=\/wp\/v2\/users\/1"}],"replies":[{"embeddable":true,"href":"https:\/\/www.gute-loesungen.com\/index.php?rest_route=%2Fwp%2Fv2%2Fcomments&post=2"}],"version-history":[{"count":27,"href":"https:\/\/www.gute-loesungen.com\/index.php?rest_route=\/wp\/v2\/pages\/2\/revisions"}],"predecessor-version":[{"id":595,"href":"https:\/\/www.gute-loesungen.com\/index.php?rest_route=\/wp\/v2\/pages\/2\/revisions\/595"}],"wp:attachment":[{"href":"https:\/\/www.gute-loesungen.com\/index.php?rest_route=%2Fwp%2Fv2%2Fmedia&parent=2"}],"curies":[{"name":"wp","href":"https:\/\/api.w.org\/{rel}","templated":true}]}}