{"id":18,"date":"2015-02-24T10:11:28","date_gmt":"2015-02-24T10:11:28","guid":{"rendered":"http:\/\/www.gute-loesungen.com\/?page_id=18"},"modified":"2023-01-13T12:28:37","modified_gmt":"2023-01-13T12:28:37","slug":"aufloesung","status":"publish","type":"page","link":"https:\/\/www.gute-loesungen.com\/?page_id=18","title":{"rendered":"Aufl\u00f6sung"},"content":{"rendered":"<p><strong><span style=\"font-size: 18pt;\"><span style=\"font-size: 14pt;\">Aufl\u00f6sung<\/span><\/span><\/strong><\/p>\n<p><span style=\"font-size: 18pt;\"><span style=\"font-size: 14pt; color: #808080;\">Als Metapher f\u00fcr meine Arbeit hat sich die &#8222;Aufl\u00f6sung&#8220; angeboten.<br \/>\nMein Symbol daf\u00fcr ist der Knoten. Ein Knoten, der zu l\u00f6sen ist.<br \/>\nIm Laufe der Zeit, im Laufe eines Lebens verwirren sich die Dinge, gerade Linien verwerfen sich. Bilden sich Knoten wird das Gehen schwer, lassen sich Ziele schwerer verfolgen ja sie gehen sogar verloren. Unwillk\u00fcrlich ziehen wir oder auch andere an dem einen oder anderen Ende. Der Bewegungsraum scheint sich einzuengen.<\/span><\/span><\/p>\n<p><span style=\"font-size: 18pt;\"><span style=\"font-size: 14pt; color: #808080;\">Meine Arbeit bietet Ihnen die M\u00f6glichkeit aufzul\u00f6sen, was sich verfestigt hat.<\/span><br \/>\n<\/span><\/p>\n<p><span style=\"font-size: 18pt;\"><span style=\"font-size: 14pt; color: #808080;\">Viele von uns kennen noch die Telefonschnur, die sich im Laufe der Zeit scheinbar unl\u00f6sbar verwirrt hat. Und wir erinnern uns auch daran, wie vorsichtig wir sein mussten, dass die Knoten nicht wieder an alter Stelle entstanden sind.<br \/>\nDeshalb gilt es, die Erfolge zu sichern und den Weg, der zur Aufl\u00f6sung gef\u00fchrt hat nicht zu vergessen.<br \/>\n<\/span><\/span><\/p>\n","protected":false},"excerpt":{"rendered":"<p>Aufl\u00f6sung Als Metapher f\u00fcr meine Arbeit hat sich die &#8222;Aufl\u00f6sung&#8220; angeboten. Mein Symbol daf\u00fcr ist der Knoten. Ein Knoten, der zu l\u00f6sen ist. Im Laufe der Zeit, im Laufe eines Lebens verwirren sich die Dinge, gerade Linien verwerfen sich. Bilden sich Knoten wird das Gehen schwer, lassen sich Ziele schwerer &#8230;<\/p>\n","protected":false},"author":1,"featured_media":0,"parent":2,"menu_order":7,"comment_status":"closed","ping_status":"closed","template":"","meta":[],"yoast_head":"<!-- This site is optimized with the Yoast SEO plugin v21.1 - https:\/\/yoast.com\/wordpress\/plugins\/seo\/ -->\n<title>Aufl\u00f6sung - Gute L\u00f6sungen<\/title>\n<meta name=\"robots\" content=\"index, follow, max-snippet:-1, max-image-preview:large, max-video-preview:-1\" \/>\n<link rel=\"canonical\" href=\"https:\/\/www.gute-loesungen.com\/?page_id=18\" \/>\n<meta property=\"og:locale\" content=\"de_DE\" \/>\n<meta property=\"og:type\" content=\"article\" \/>\n<meta property=\"og:title\" content=\"Aufl\u00f6sung - Gute L\u00f6sungen\" \/>\n<meta property=\"og:description\" content=\"Aufl\u00f6sung Als Metapher f\u00fcr meine Arbeit hat sich die &#8222;Aufl\u00f6sung&#8220; angeboten. Mein Symbol daf\u00fcr ist der Knoten. Ein Knoten, der zu l\u00f6sen ist. Im Laufe der Zeit, im Laufe eines Lebens verwirren sich die Dinge, gerade Linien verwerfen sich. Bilden sich Knoten wird das Gehen schwer, lassen sich Ziele schwerer &#8230;\" \/>\n<meta property=\"og:url\" content=\"https:\/\/www.gute-loesungen.com\/?page_id=18\" \/>\n<meta property=\"og:site_name\" content=\"Gute L\u00f6sungen\" \/>\n<meta property=\"article:modified_time\" content=\"2023-01-13T12:28:37+00:00\" \/>\n<meta name=\"twitter:card\" content=\"summary_large_image\" \/>\n<meta name=\"twitter:label1\" content=\"Gesch\u00e4tzte Lesezeit\" \/>\n\t<meta name=\"twitter:data1\" content=\"1\u00a0Minute\" \/>\n<script type=\"application\/ld+json\" class=\"yoast-schema-graph\">{\"@context\":\"https:\/\/schema.org\",\"@graph\":[{\"@type\":\"WebPage\",\"@id\":\"https:\/\/www.gute-loesungen.com\/?page_id=18\",\"url\":\"https:\/\/www.gute-loesungen.com\/?page_id=18\",\"name\":\"Aufl\u00f6sung - Gute L\u00f6sungen\",\"isPartOf\":{\"@id\":\"https:\/\/www.gute-loesungen.com\/#website\"},\"datePublished\":\"2015-02-24T10:11:28+00:00\",\"dateModified\":\"2023-01-13T12:28:37+00:00\",\"breadcrumb\":{\"@id\":\"https:\/\/www.gute-loesungen.com\/?page_id=18#breadcrumb\"},\"inLanguage\":\"de\",\"potentialAction\":[{\"@type\":\"ReadAction\",\"target\":[\"https:\/\/www.gute-loesungen.com\/?page_id=18\"]}]},{\"@type\":\"BreadcrumbList\",\"@id\":\"https:\/\/www.gute-loesungen.com\/?page_id=18#breadcrumb\",\"itemListElement\":[{\"@type\":\"ListItem\",\"position\":1,\"name\":\"Home\",\"item\":\"https:\/\/www.gute-loesungen.com\/\"},{\"@type\":\"ListItem\",\"position\":2,\"name\":\"Therapie\",\"item\":\"https:\/\/www.gute-loesungen.com\/?page_id=2\"},{\"@type\":\"ListItem\",\"position\":3,\"name\":\"Aufl\u00f6sung\"}]},{\"@type\":\"WebSite\",\"@id\":\"https:\/\/www.gute-loesungen.com\/#website\",\"url\":\"https:\/\/www.gute-loesungen.com\/\",\"name\":\"Gute L\u00f6sungen\",\"description\":\"Bodo Sporleder\",\"potentialAction\":[{\"@type\":\"SearchAction\",\"target\":{\"@type\":\"EntryPoint\",\"urlTemplate\":\"https:\/\/www.gute-loesungen.com\/?s={search_term_string}\"},\"query-input\":\"required name=search_term_string\"}],\"inLanguage\":\"de\"}]}<\/script>\n<!-- \/ Yoast SEO plugin. -->","yoast_head_json":{"title":"Aufl\u00f6sung - Gute L\u00f6sungen","robots":{"index":"index","follow":"follow","max-snippet":"max-snippet:-1","max-image-preview":"max-image-preview:large","max-video-preview":"max-video-preview:-1"},"canonical":"https:\/\/www.gute-loesungen.com\/?page_id=18","og_locale":"de_DE","og_type":"article","og_title":"Aufl\u00f6sung - Gute L\u00f6sungen","og_description":"Aufl\u00f6sung Als Metapher f\u00fcr meine Arbeit hat sich die &#8222;Aufl\u00f6sung&#8220; angeboten. Mein Symbol daf\u00fcr ist der Knoten. Ein Knoten, der zu l\u00f6sen ist. Im Laufe der Zeit, im Laufe eines Lebens verwirren sich die Dinge, gerade Linien verwerfen sich. Bilden sich Knoten wird das Gehen schwer, lassen sich Ziele schwerer &#8230;","og_url":"https:\/\/www.gute-loesungen.com\/?page_id=18","og_site_name":"Gute L\u00f6sungen","article_modified_time":"2023-01-13T12:28:37+00:00","twitter_card":"summary_large_image","twitter_misc":{"Gesch\u00e4tzte Lesezeit":"1\u00a0Minute"},"schema":{"@context":"https:\/\/schema.org","@graph":[{"@type":"WebPage","@id":"https:\/\/www.gute-loesungen.com\/?page_id=18","url":"https:\/\/www.gute-loesungen.com\/?page_id=18","name":"Aufl\u00f6sung - Gute L\u00f6sungen","isPartOf":{"@id":"https:\/\/www.gute-loesungen.com\/#website"},"datePublished":"2015-02-24T10:11:28+00:00","dateModified":"2023-01-13T12:28:37+00:00","breadcrumb":{"@id":"https:\/\/www.gute-loesungen.com\/?page_id=18#breadcrumb"},"inLanguage":"de","potentialAction":[{"@type":"ReadAction","target":["https:\/\/www.gute-loesungen.com\/?page_id=18"]}]},{"@type":"BreadcrumbList","@id":"https:\/\/www.gute-loesungen.com\/?page_id=18#breadcrumb","itemListElement":[{"@type":"ListItem","position":1,"name":"Home","item":"https:\/\/www.gute-loesungen.com\/"},{"@type":"ListItem","position":2,"name":"Therapie","item":"https:\/\/www.gute-loesungen.com\/?page_id=2"},{"@type":"ListItem","position":3,"name":"Aufl\u00f6sung"}]},{"@type":"WebSite","@id":"https:\/\/www.gute-loesungen.com\/#website","url":"https:\/\/www.gute-loesungen.com\/","name":"Gute L\u00f6sungen","description":"Bodo Sporleder","potentialAction":[{"@type":"SearchAction","target":{"@type":"EntryPoint","urlTemplate":"https:\/\/www.gute-loesungen.com\/?s={search_term_string}"},"query-input":"required name=search_term_string"}],"inLanguage":"de"}]}},"_links":{"self":[{"href":"https:\/\/www.gute-loesungen.com\/index.php?rest_route=\/wp\/v2\/pages\/18"}],"collection":[{"href":"https:\/\/www.gute-loesungen.com\/index.php?rest_route=\/wp\/v2\/pages"}],"about":[{"href":"https:\/\/www.gute-loesungen.com\/index.php?rest_route=\/wp\/v2\/types\/page"}],"author":[{"embeddable":true,"href":"https:\/\/www.gute-loesungen.com\/index.php?rest_route=\/wp\/v2\/users\/1"}],"replies":[{"embeddable":true,"href":"https:\/\/www.gute-loesungen.com\/index.php?rest_route=%2Fwp%2Fv2%2Fcomments&post=18"}],"version-history":[{"count":14,"href":"https:\/\/www.gute-loesungen.com\/index.php?rest_route=\/wp\/v2\/pages\/18\/revisions"}],"predecessor-version":[{"id":597,"href":"https:\/\/www.gute-loesungen.com\/index.php?rest_route=\/wp\/v2\/pages\/18\/revisions\/597"}],"up":[{"embeddable":true,"href":"https:\/\/www.gute-loesungen.com\/index.php?rest_route=\/wp\/v2\/pages\/2"}],"wp:attachment":[{"href":"https:\/\/www.gute-loesungen.com\/index.php?rest_route=%2Fwp%2Fv2%2Fmedia&parent=18"}],"curies":[{"name":"wp","href":"https:\/\/api.w.org\/{rel}","templated":true}]}}