{"id":15,"date":"2015-02-24T10:02:02","date_gmt":"2015-02-24T10:02:02","guid":{"rendered":"http:\/\/www.gute-loesungen.com\/?page_id=15"},"modified":"2023-01-13T12:29:48","modified_gmt":"2023-01-13T12:29:48","slug":"coaching-2","status":"publish","type":"page","link":"https:\/\/www.gute-loesungen.com\/?page_id=15","title":{"rendered":"Coaching"},"content":{"rendered":"<h2><span style=\"font-size: 14pt;\"><strong>Coaching<\/strong><\/span><\/h2>\n<p><span style=\"font-size: 14pt; color: #808080;\">Sie m\u00f6chten Begleitung vor Entscheidungen in Beruf und Privatleben?<\/span><\/p>\n<p><span style=\"font-size: 14pt; color: #808080;\">Sie suchen Unterst\u00fctzung bei neuen Herausforderungen?<\/span><\/p>\n<p><span style=\"font-size: 14pt; color: #808080;\">Dann ist Coaching das geeignete Arrangement. Hier stehen in erster Linie Ihre pers\u00f6nlichen und beruflichen Ziele im Mittelpunkt.<\/span><\/p>\n<p><span style=\"font-size: 14pt; color: #808080;\">Meine Grunds\u00e4tze beim Coaching sind:<\/span><\/p>\n<p><span style=\"font-size: 14pt;\"><b>Orientierung am Anliegen meiner Kunden<\/b><\/span><\/p>\n<p><span style=\"font-size: 14pt;\"><b>Vertrauen und Wertsch\u00e4tzung<\/b><\/span><\/p>\n<p><span style=\"font-size: 14pt;\"><b>Ressourcenorientierung<\/b><\/span><\/p>\n<p><span style=\"font-size: 14pt;\"><b>Fokussierung auf L\u00f6sungen<\/b><\/span><\/p>\n<p><span style=\"font-size: 14pt;\"><b>Diskretion<\/b><\/span><\/p>\n<p><a href=\"http:\/\/www.gute-loesungen.com\/wp-content\/uploads\/2015\/02\/2xfigur.gif\"><img decoding=\"async\" loading=\"lazy\" class=\" wp-image-211 alignleft\" src=\"http:\/\/www.gute-loesungen.com\/wp-content\/uploads\/2015\/02\/2xfigur.gif\" alt=\"2xfigur\" width=\"397\" height=\"159\" \/><\/a><\/p>\n<p><span style=\"font-size: 12pt;\">\u00a0<\/span><\/p>\n<p><a href=\"https:\/\/www.dgsf.org\/service\/was-heisst-systemisch\/systemische_Einzeltherapie_Coaching_Organisationsberatung.htm\" target=\"_blank\" rel=\"noopener noreferrer\">systemischen Therapie<br \/>\n<\/a><a href=\"https:\/\/www.dgsf.org\/\" target=\"_blank\" rel=\"noopener noreferrer\">DGSF<br \/>\n<\/a><a href=\"https:\/\/www.dgsf.org\/service\/download-bereich\/wie-erkenne-ich-gute-beratung\" target=\"_blank\" rel=\"noopener noreferrer\">&#8222;Wie erkenne ich gute Beratung?&#8220;<br \/>\n<\/a><a href=\"http:\/\/www.ilbs.de\/\" target=\"_blank\" rel=\"noopener noreferrer\">ILBS<br \/>\n<\/a><a href=\"https:\/\/www.aps-supervision.de\/\" target=\"_blank\" rel=\"noopener noreferrer\">APS<br \/>\n<\/a><a href=\"https:\/\/systemische-gesellschaft.de\/\" target=\"_blank\" rel=\"noopener noreferrer\">Systemischen Gesellschaft<\/a><\/p>\n","protected":false},"excerpt":{"rendered":"<p>Coaching Sie m\u00f6chten Begleitung vor Entscheidungen in Beruf und Privatleben? Sie suchen Unterst\u00fctzung bei neuen Herausforderungen? Dann ist Coaching das geeignete Arrangement. Hier stehen in erster Linie Ihre pers\u00f6nlichen und beruflichen Ziele im Mittelpunkt. Meine Grunds\u00e4tze beim Coaching sind: Orientierung am Anliegen meiner Kunden Vertrauen und Wertsch\u00e4tzung Ressourcenorientierung Fokussierung auf &#8230;<\/p>\n","protected":false},"author":1,"featured_media":0,"parent":0,"menu_order":3,"comment_status":"closed","ping_status":"closed","template":"","meta":[],"yoast_head":"<!-- This site is optimized with the Yoast SEO plugin v21.1 - https:\/\/yoast.com\/wordpress\/plugins\/seo\/ -->\n<title>Coaching - Gute L\u00f6sungen<\/title>\n<meta name=\"description\" content=\"Coaching\" \/>\n<meta name=\"robots\" content=\"index, follow, max-snippet:-1, max-image-preview:large, max-video-preview:-1\" \/>\n<link rel=\"canonical\" href=\"https:\/\/www.gute-loesungen.com\/?page_id=15\" \/>\n<meta property=\"og:locale\" content=\"de_DE\" \/>\n<meta property=\"og:type\" content=\"article\" \/>\n<meta property=\"og:title\" content=\"Coaching - Gute L\u00f6sungen\" \/>\n<meta property=\"og:description\" content=\"Coaching\" \/>\n<meta property=\"og:url\" content=\"https:\/\/www.gute-loesungen.com\/?page_id=15\" \/>\n<meta property=\"og:site_name\" content=\"Gute L\u00f6sungen\" \/>\n<meta property=\"article:modified_time\" content=\"2023-01-13T12:29:48+00:00\" \/>\n<meta property=\"og:image\" content=\"http:\/\/www.gute-loesungen.com\/wp-content\/uploads\/2015\/02\/2xfigur.gif\" \/>\n<meta name=\"twitter:card\" content=\"summary_large_image\" \/>\n<meta name=\"twitter:label1\" content=\"Gesch\u00e4tzte Lesezeit\" \/>\n\t<meta name=\"twitter:data1\" content=\"1\u00a0Minute\" \/>\n<script type=\"application\/ld+json\" class=\"yoast-schema-graph\">{\"@context\":\"https:\/\/schema.org\",\"@graph\":[{\"@type\":\"WebPage\",\"@id\":\"https:\/\/www.gute-loesungen.com\/?page_id=15\",\"url\":\"https:\/\/www.gute-loesungen.com\/?page_id=15\",\"name\":\"Coaching - Gute L\u00f6sungen\",\"isPartOf\":{\"@id\":\"https:\/\/www.gute-loesungen.com\/#website\"},\"datePublished\":\"2015-02-24T10:02:02+00:00\",\"dateModified\":\"2023-01-13T12:29:48+00:00\",\"description\":\"Coaching\",\"breadcrumb\":{\"@id\":\"https:\/\/www.gute-loesungen.com\/?page_id=15#breadcrumb\"},\"inLanguage\":\"de\",\"potentialAction\":[{\"@type\":\"ReadAction\",\"target\":[\"https:\/\/www.gute-loesungen.com\/?page_id=15\"]}]},{\"@type\":\"BreadcrumbList\",\"@id\":\"https:\/\/www.gute-loesungen.com\/?page_id=15#breadcrumb\",\"itemListElement\":[{\"@type\":\"ListItem\",\"position\":1,\"name\":\"Home\",\"item\":\"https:\/\/www.gute-loesungen.com\/\"},{\"@type\":\"ListItem\",\"position\":2,\"name\":\"Coaching\"}]},{\"@type\":\"WebSite\",\"@id\":\"https:\/\/www.gute-loesungen.com\/#website\",\"url\":\"https:\/\/www.gute-loesungen.com\/\",\"name\":\"Gute L\u00f6sungen\",\"description\":\"Bodo Sporleder\",\"potentialAction\":[{\"@type\":\"SearchAction\",\"target\":{\"@type\":\"EntryPoint\",\"urlTemplate\":\"https:\/\/www.gute-loesungen.com\/?s={search_term_string}\"},\"query-input\":\"required name=search_term_string\"}],\"inLanguage\":\"de\"}]}<\/script>\n<!-- \/ Yoast SEO plugin. -->","yoast_head_json":{"title":"Coaching - Gute L\u00f6sungen","description":"Coaching","robots":{"index":"index","follow":"follow","max-snippet":"max-snippet:-1","max-image-preview":"max-image-preview:large","max-video-preview":"max-video-preview:-1"},"canonical":"https:\/\/www.gute-loesungen.com\/?page_id=15","og_locale":"de_DE","og_type":"article","og_title":"Coaching - Gute L\u00f6sungen","og_description":"Coaching","og_url":"https:\/\/www.gute-loesungen.com\/?page_id=15","og_site_name":"Gute L\u00f6sungen","article_modified_time":"2023-01-13T12:29:48+00:00","og_image":[{"url":"http:\/\/www.gute-loesungen.com\/wp-content\/uploads\/2015\/02\/2xfigur.gif"}],"twitter_card":"summary_large_image","twitter_misc":{"Gesch\u00e4tzte Lesezeit":"1\u00a0Minute"},"schema":{"@context":"https:\/\/schema.org","@graph":[{"@type":"WebPage","@id":"https:\/\/www.gute-loesungen.com\/?page_id=15","url":"https:\/\/www.gute-loesungen.com\/?page_id=15","name":"Coaching - Gute L\u00f6sungen","isPartOf":{"@id":"https:\/\/www.gute-loesungen.com\/#website"},"datePublished":"2015-02-24T10:02:02+00:00","dateModified":"2023-01-13T12:29:48+00:00","description":"Coaching","breadcrumb":{"@id":"https:\/\/www.gute-loesungen.com\/?page_id=15#breadcrumb"},"inLanguage":"de","potentialAction":[{"@type":"ReadAction","target":["https:\/\/www.gute-loesungen.com\/?page_id=15"]}]},{"@type":"BreadcrumbList","@id":"https:\/\/www.gute-loesungen.com\/?page_id=15#breadcrumb","itemListElement":[{"@type":"ListItem","position":1,"name":"Home","item":"https:\/\/www.gute-loesungen.com\/"},{"@type":"ListItem","position":2,"name":"Coaching"}]},{"@type":"WebSite","@id":"https:\/\/www.gute-loesungen.com\/#website","url":"https:\/\/www.gute-loesungen.com\/","name":"Gute L\u00f6sungen","description":"Bodo Sporleder","potentialAction":[{"@type":"SearchAction","target":{"@type":"EntryPoint","urlTemplate":"https:\/\/www.gute-loesungen.com\/?s={search_term_string}"},"query-input":"required name=search_term_string"}],"inLanguage":"de"}]}},"_links":{"self":[{"href":"https:\/\/www.gute-loesungen.com\/index.php?rest_route=\/wp\/v2\/pages\/15"}],"collection":[{"href":"https:\/\/www.gute-loesungen.com\/index.php?rest_route=\/wp\/v2\/pages"}],"about":[{"href":"https:\/\/www.gute-loesungen.com\/index.php?rest_route=\/wp\/v2\/types\/page"}],"author":[{"embeddable":true,"href":"https:\/\/www.gute-loesungen.com\/index.php?rest_route=\/wp\/v2\/users\/1"}],"replies":[{"embeddable":true,"href":"https:\/\/www.gute-loesungen.com\/index.php?rest_route=%2Fwp%2Fv2%2Fcomments&post=15"}],"version-history":[{"count":17,"href":"https:\/\/www.gute-loesungen.com\/index.php?rest_route=\/wp\/v2\/pages\/15\/revisions"}],"predecessor-version":[{"id":599,"href":"https:\/\/www.gute-loesungen.com\/index.php?rest_route=\/wp\/v2\/pages\/15\/revisions\/599"}],"wp:attachment":[{"href":"https:\/\/www.gute-loesungen.com\/index.php?rest_route=%2Fwp%2Fv2%2Fmedia&parent=15"}],"curies":[{"name":"wp","href":"https:\/\/api.w.org\/{rel}","templated":true}]}}