{"id":134,"date":"2015-06-11T17:54:02","date_gmt":"2015-06-11T17:54:02","guid":{"rendered":"http:\/\/www.gute-loesungen.com\/?page_id=134"},"modified":"2023-01-13T12:31:56","modified_gmt":"2023-01-13T12:31:56","slug":"neuanfang","status":"publish","type":"page","link":"https:\/\/www.gute-loesungen.com\/?page_id=134","title":{"rendered":"Neuorientierung"},"content":{"rendered":"<p><span style=\"color: #808080; font-size: 14pt;\"><strong>Sie planen eine Neuorientierung?<\/strong><\/span><\/p>\n<p><span style=\"color: #808080; font-size: 14pt;\">Berufich<\/span><\/p>\n<p><span style=\"color: #808080; font-size: 14pt;\">Privat<\/span><\/p>\n<p><span style=\"color: #808080; font-size: 14pt;\">R\u00e4umlich<\/span><\/p>\n<p><span style=\"color: #808080; font-size: 14pt;\"><strong>Sie wollen alles abw\u00e4gen, bevor Sie den n\u00e4chsten Schritt tun?<\/strong><\/span><\/p>\n<p><span style=\"color: #808080; font-size: 14pt;\">Ich unterst\u00fctze Sie, die richtigen Schritte zu erkennen und diese mutig zu gehen.<\/span><\/p>\n<p><span style=\"color: #000000; font-size: 12pt;\"><a href=\"http:\/\/www.gute-loesungen.com\/wp-content\/uploads\/2015\/06\/Tu\u0308r1.gif\"><img decoding=\"async\" loading=\"lazy\" class=\" wp-image-205 alignnone\" src=\"http:\/\/www.gute-loesungen.com\/wp-content\/uploads\/2015\/06\/Tu\u0308r1.gif\" alt=\"Tu\u0308r\" width=\"469\" height=\"211\" \/><\/a><\/span><\/p>\n<p><a href=\"https:\/\/www.dgsf.org\/service\/was-heisst-systemisch\/systemische_Einzeltherapie_Coaching_Organisationsberatung.htm\" target=\"_blank\" rel=\"noopener noreferrer\">systemischen Therapie<br \/>\n<\/a><a href=\"https:\/\/www.dgsf.org\/\" target=\"_blank\" rel=\"noopener noreferrer\">DGSF<br \/>\n<\/a><a href=\"https:\/\/www.dgsf.org\/service\/download-bereich\/wie-erkenne-ich-gute-beratung\" target=\"_blank\" rel=\"noopener noreferrer\">&#8222;Wie erkenne ich gute Beratung?&#8220;<br \/>\n<\/a><a href=\"http:\/\/www.ilbs.de\/\" target=\"_blank\" rel=\"noopener noreferrer\">ILBS<br \/>\n<\/a><a href=\"https:\/\/www.aps-supervision.de\/\" target=\"_blank\" rel=\"noopener noreferrer\">APS<br \/>\n<\/a><a href=\"https:\/\/systemische-gesellschaft.de\/\" target=\"_blank\" rel=\"noopener noreferrer\">Systemischen Gesellschaft<\/a><\/p>\n","protected":false},"excerpt":{"rendered":"<p>Sie planen eine Neuorientierung? Berufich Privat R\u00e4umlich Sie wollen alles abw\u00e4gen, bevor Sie den n\u00e4chsten Schritt tun? Ich unterst\u00fctze Sie, die richtigen Schritte zu erkennen und diese mutig zu gehen. systemischen Therapie DGSF &#8222;Wie erkenne ich gute Beratung?&#8220; ILBS APS Systemischen Gesellschaft<\/p>\n","protected":false},"author":1,"featured_media":0,"parent":15,"menu_order":8,"comment_status":"closed","ping_status":"closed","template":"","meta":[],"yoast_head":"<!-- This site is optimized with the Yoast SEO plugin v21.1 - https:\/\/yoast.com\/wordpress\/plugins\/seo\/ -->\n<title>Neuorientierung - Gute L\u00f6sungen<\/title>\n<meta name=\"robots\" content=\"index, follow, max-snippet:-1, max-image-preview:large, max-video-preview:-1\" \/>\n<link rel=\"canonical\" href=\"https:\/\/www.gute-loesungen.com\/?page_id=134\" \/>\n<meta property=\"og:locale\" content=\"de_DE\" \/>\n<meta property=\"og:type\" content=\"article\" \/>\n<meta property=\"og:title\" content=\"Neuorientierung - Gute L\u00f6sungen\" \/>\n<meta property=\"og:description\" content=\"Sie planen eine Neuorientierung? Berufich Privat R\u00e4umlich Sie wollen alles abw\u00e4gen, bevor Sie den n\u00e4chsten Schritt tun? Ich unterst\u00fctze Sie, die richtigen Schritte zu erkennen und diese mutig zu gehen. systemischen Therapie DGSF &#8222;Wie erkenne ich gute Beratung?&#8220; ILBS APS Systemischen Gesellschaft\" \/>\n<meta property=\"og:url\" content=\"https:\/\/www.gute-loesungen.com\/?page_id=134\" \/>\n<meta property=\"og:site_name\" content=\"Gute L\u00f6sungen\" \/>\n<meta property=\"article:modified_time\" content=\"2023-01-13T12:31:56+00:00\" \/>\n<meta name=\"twitter:card\" content=\"summary_large_image\" \/>\n<meta name=\"twitter:label1\" content=\"Gesch\u00e4tzte Lesezeit\" \/>\n\t<meta name=\"twitter:data1\" content=\"1\u00a0Minute\" \/>\n<script type=\"application\/ld+json\" class=\"yoast-schema-graph\">{\"@context\":\"https:\/\/schema.org\",\"@graph\":[{\"@type\":\"WebPage\",\"@id\":\"https:\/\/www.gute-loesungen.com\/?page_id=134\",\"url\":\"https:\/\/www.gute-loesungen.com\/?page_id=134\",\"name\":\"Neuorientierung - Gute L\u00f6sungen\",\"isPartOf\":{\"@id\":\"https:\/\/www.gute-loesungen.com\/#website\"},\"datePublished\":\"2015-06-11T17:54:02+00:00\",\"dateModified\":\"2023-01-13T12:31:56+00:00\",\"breadcrumb\":{\"@id\":\"https:\/\/www.gute-loesungen.com\/?page_id=134#breadcrumb\"},\"inLanguage\":\"de\",\"potentialAction\":[{\"@type\":\"ReadAction\",\"target\":[\"https:\/\/www.gute-loesungen.com\/?page_id=134\"]}]},{\"@type\":\"BreadcrumbList\",\"@id\":\"https:\/\/www.gute-loesungen.com\/?page_id=134#breadcrumb\",\"itemListElement\":[{\"@type\":\"ListItem\",\"position\":1,\"name\":\"Home\",\"item\":\"https:\/\/www.gute-loesungen.com\/\"},{\"@type\":\"ListItem\",\"position\":2,\"name\":\"Coaching\",\"item\":\"https:\/\/www.gute-loesungen.com\/?page_id=15\"},{\"@type\":\"ListItem\",\"position\":3,\"name\":\"Neuorientierung\"}]},{\"@type\":\"WebSite\",\"@id\":\"https:\/\/www.gute-loesungen.com\/#website\",\"url\":\"https:\/\/www.gute-loesungen.com\/\",\"name\":\"Gute L\u00f6sungen\",\"description\":\"Bodo Sporleder\",\"potentialAction\":[{\"@type\":\"SearchAction\",\"target\":{\"@type\":\"EntryPoint\",\"urlTemplate\":\"https:\/\/www.gute-loesungen.com\/?s={search_term_string}\"},\"query-input\":\"required name=search_term_string\"}],\"inLanguage\":\"de\"}]}<\/script>\n<!-- \/ Yoast SEO plugin. -->","yoast_head_json":{"title":"Neuorientierung - Gute L\u00f6sungen","robots":{"index":"index","follow":"follow","max-snippet":"max-snippet:-1","max-image-preview":"max-image-preview:large","max-video-preview":"max-video-preview:-1"},"canonical":"https:\/\/www.gute-loesungen.com\/?page_id=134","og_locale":"de_DE","og_type":"article","og_title":"Neuorientierung - Gute L\u00f6sungen","og_description":"Sie planen eine Neuorientierung? Berufich Privat R\u00e4umlich Sie wollen alles abw\u00e4gen, bevor Sie den n\u00e4chsten Schritt tun? Ich unterst\u00fctze Sie, die richtigen Schritte zu erkennen und diese mutig zu gehen. systemischen Therapie DGSF &#8222;Wie erkenne ich gute Beratung?&#8220; ILBS APS Systemischen Gesellschaft","og_url":"https:\/\/www.gute-loesungen.com\/?page_id=134","og_site_name":"Gute L\u00f6sungen","article_modified_time":"2023-01-13T12:31:56+00:00","twitter_card":"summary_large_image","twitter_misc":{"Gesch\u00e4tzte Lesezeit":"1\u00a0Minute"},"schema":{"@context":"https:\/\/schema.org","@graph":[{"@type":"WebPage","@id":"https:\/\/www.gute-loesungen.com\/?page_id=134","url":"https:\/\/www.gute-loesungen.com\/?page_id=134","name":"Neuorientierung - Gute L\u00f6sungen","isPartOf":{"@id":"https:\/\/www.gute-loesungen.com\/#website"},"datePublished":"2015-06-11T17:54:02+00:00","dateModified":"2023-01-13T12:31:56+00:00","breadcrumb":{"@id":"https:\/\/www.gute-loesungen.com\/?page_id=134#breadcrumb"},"inLanguage":"de","potentialAction":[{"@type":"ReadAction","target":["https:\/\/www.gute-loesungen.com\/?page_id=134"]}]},{"@type":"BreadcrumbList","@id":"https:\/\/www.gute-loesungen.com\/?page_id=134#breadcrumb","itemListElement":[{"@type":"ListItem","position":1,"name":"Home","item":"https:\/\/www.gute-loesungen.com\/"},{"@type":"ListItem","position":2,"name":"Coaching","item":"https:\/\/www.gute-loesungen.com\/?page_id=15"},{"@type":"ListItem","position":3,"name":"Neuorientierung"}]},{"@type":"WebSite","@id":"https:\/\/www.gute-loesungen.com\/#website","url":"https:\/\/www.gute-loesungen.com\/","name":"Gute L\u00f6sungen","description":"Bodo Sporleder","potentialAction":[{"@type":"SearchAction","target":{"@type":"EntryPoint","urlTemplate":"https:\/\/www.gute-loesungen.com\/?s={search_term_string}"},"query-input":"required name=search_term_string"}],"inLanguage":"de"}]}},"_links":{"self":[{"href":"https:\/\/www.gute-loesungen.com\/index.php?rest_route=\/wp\/v2\/pages\/134"}],"collection":[{"href":"https:\/\/www.gute-loesungen.com\/index.php?rest_route=\/wp\/v2\/pages"}],"about":[{"href":"https:\/\/www.gute-loesungen.com\/index.php?rest_route=\/wp\/v2\/types\/page"}],"author":[{"embeddable":true,"href":"https:\/\/www.gute-loesungen.com\/index.php?rest_route=\/wp\/v2\/users\/1"}],"replies":[{"embeddable":true,"href":"https:\/\/www.gute-loesungen.com\/index.php?rest_route=%2Fwp%2Fv2%2Fcomments&post=134"}],"version-history":[{"count":21,"href":"https:\/\/www.gute-loesungen.com\/index.php?rest_route=\/wp\/v2\/pages\/134\/revisions"}],"predecessor-version":[{"id":603,"href":"https:\/\/www.gute-loesungen.com\/index.php?rest_route=\/wp\/v2\/pages\/134\/revisions\/603"}],"up":[{"embeddable":true,"href":"https:\/\/www.gute-loesungen.com\/index.php?rest_route=\/wp\/v2\/pages\/15"}],"wp:attachment":[{"href":"https:\/\/www.gute-loesungen.com\/index.php?rest_route=%2Fwp%2Fv2%2Fmedia&parent=134"}],"curies":[{"name":"wp","href":"https:\/\/api.w.org\/{rel}","templated":true}]}}